{"id":560,"date":"2025-05-15T09:20:38","date_gmt":"2025-05-15T07:20:38","guid":{"rendered":"https:\/\/voltaneo2025.numeria.dev\/cookies\/"},"modified":"2025-05-27T12:22:06","modified_gmt":"2025-05-27T10:22:06","slug":"cookies","status":"publish","type":"page","link":"https:\/\/www.voltaneo.com\/cs\/cookies\/","title":{"rendered":"Z\u00c1SADY POU\u017d\u00cdV\u00c1N\u00cd SOUBOR\u016e COOKIES"},"content":{"rendered":"[vc_row type=&#8220;in_container&#8220; full_screen_row_position=&#8220;middle&#8220; column_margin=&#8220;default&#8220; column_direction=&#8220;default&#8220; column_direction_tablet=&#8220;default&#8220; column_direction_phone=&#8220;default&#8220; scene_position=&#8220;center&#8220; text_color=&#8220;dark&#8220; text_align=&#8220;left&#8220; row_border_radius=&#8220;none&#8220; row_border_radius_applies=&#8220;bg&#8220; overflow=&#8220;visible&#8220; overlay_strength=&#8220;0.3&#8243; gradient_direction=&#8220;left_to_right&#8220; shape_divider_position=&#8220;bottom&#8220; bg_image_animation=&#8220;none&#8220;][vc_column column_padding=&#8220;no-extra-padding&#8220; column_padding_tablet=&#8220;inherit&#8220; column_padding_phone=&#8220;inherit&#8220; column_padding_position=&#8220;all&#8220; column_element_direction_desktop=&#8220;default&#8220; column_element_spacing=&#8220;default&#8220; desktop_text_alignment=&#8220;default&#8220; tablet_text_alignment=&#8220;default&#8220; phone_text_alignment=&#8220;default&#8220; background_color_opacity=&#8220;1&#8243; background_hover_color_opacity=&#8220;1&#8243; column_backdrop_filter=&#8220;none&#8220; column_shadow=&#8220;none&#8220; column_border_radius=&#8220;none&#8220; column_link_target=&#8220;_self&#8220; column_position=&#8220;default&#8220; gradient_direction=&#8220;left_to_right&#8220; overlay_strength=&#8220;0.3&#8243; width=&#8220;1\/1&#8243; tablet_width_inherit=&#8220;default&#8220; animation_type=&#8220;default&#8220; bg_image_animation=&#8220;none&#8220; border_type=&#8220;simple&#8220; column_border_width=&#8220;none&#8220; column_border_style=&#8220;solid&#8220;][vc_column_text css=&#8220;&#8220; text_direction=&#8220;default&#8220;]\n<h1>Z\u00c1SADY POU\u017d\u00cdV\u00c1N\u00cd SOUBOR\u016e COOKIES<\/h1>\n<p>P\u0159i prvn\u00ed n\u00e1v\u0161t\u011bv\u011b na\u0161ich webov\u00fdch str\u00e1nek jste informov\u00e1ni prost\u0159ednictv\u00edm banneru ve spodn\u00ed \u010d\u00e1sti obrazovky, \u017ee informace t\u00fdkaj\u00edc\u00ed se va\u0161eho prohl\u00ed\u017een\u00ed mohou b\u00fdt ulo\u017eeny ve form\u011b soubor\u016f naz\u00fdvan\u00fdch \u201ecookies\u201c. Tyto z\u00e1sady pou\u017e\u00edv\u00e1n\u00ed cookies v\u00e1m pomohou l\u00e9pe porozum\u011bt tomu, jak cookies pou\u017e\u00edv\u00e1me p\u0159i va\u0161\u00ed n\u00e1v\u0161t\u011bv\u011b na\u0161ich webov\u00fdch str\u00e1nek. Poskytuj\u00ed v\u00e1m informace o typech cookies pou\u017e\u00edvan\u00fdch na webu a jejich \u00fa\u010delu (\u010d\u00e1st I.), a tak\u00e9 v\u00e1s informuj\u00ed o tom, jak nastavit jejich pou\u017e\u00edv\u00e1n\u00ed (\u010d\u00e1st II.).<\/p>\n<p>1. Obecn\u00e9 informace o cookies pou\u017e\u00edvan\u00fdch na webu<br \/>\nProvozovatel webu, jako\u017eto vydavatel tohoto webu, m\u016f\u017ee ulo\u017eit cookie do pevn\u00e9ho disku va\u0161eho za\u0159\u00edzen\u00ed (po\u010d\u00edta\u010d, tablet, mobiln\u00ed telefon apod.) za \u00fa\u010delem zaji\u0161t\u011bn\u00ed hladk\u00e9ho a optim\u00e1ln\u00edho proch\u00e1zen\u00ed na\u0161ich str\u00e1nek.<\/p>\n<p>Cookies (nebo tak\u00e9 identifik\u00e1tory p\u0159ipojen\u00ed) jsou mal\u00e9 textov\u00e9 soubory s omezenou velikost\u00ed, kter\u00e9 n\u00e1m umo\u017e\u0148uj\u00ed rozpoznat va\u0161e za\u0159\u00edzen\u00ed, abychom mohli p\u0159izp\u016fsobit slu\u017eby, kter\u00e9 v\u00e1m poskytujeme.<\/p>\n<p>Informace z\u00edskan\u00e9 prost\u0159ednictv\u00edm cookies v\u00e1s \u017e\u00e1dn\u00fdm zp\u016fsobem osobn\u011b neidentifikuj\u00ed. Jsou vyu\u017e\u00edv\u00e1ny v\u00fdhradn\u011b pro na\u0161e vlastn\u00ed pot\u0159eby za \u00fa\u010delem zlep\u0161en\u00ed interaktivity a v\u00fdkonu na\u0161eho webu a poskytov\u00e1n\u00ed obsahu, kter\u00fd odpov\u00edd\u00e1 va\u0161im z\u00e1jm\u016fm. Tyto informace nejsou poskytov\u00e1ny t\u0159et\u00edm stran\u00e1m, s v\u00fdjimkou p\u0159\u00edpad\u016f, kdy k tomu d\u00e1te p\u0159edchoz\u00ed souhlas, nebo pokud to vy\u017eaduje z\u00e1kon, soudn\u00ed p\u0159\u00edkaz nebo opr\u00e1vn\u011bn\u00fd po\u017eadavek spr\u00e1vn\u00edho \u010di soudn\u00edho org\u00e1nu.<\/p>\n<p>N\u00ed\u017ee naleznete p\u0159ehled r\u016fzn\u00fdch typ\u016f cookies, kter\u00e9 mohou b\u00fdt na webu pou\u017eity, v\u010detn\u011b jejich n\u00e1zvu, \u00fa\u010delu a doby uchov\u00e1n\u00ed.<\/p>\n<p>2. Nastaven\u00ed va\u0161ich preferenc\u00ed ohledn\u011b cookies<br \/>\nPou\u017e\u00edv\u00e1n\u00ed cookies m\u016f\u017eete kdykoliv povolit nebo odm\u00edtnout.<\/p>\n<p>P\u0159i prvn\u00ed n\u00e1v\u0161t\u011bv\u011b na\u0161ich str\u00e1nek se ve spodn\u00ed \u010d\u00e1sti obrazovky zobraz\u00ed banner s informacemi o pou\u017e\u00edv\u00e1n\u00ed cookies a podobn\u00fdch technologi\u00ed. Pokra\u010dov\u00e1n\u00edm v proch\u00e1zen\u00ed webu (nap\u0159\u00edklad na\u010dten\u00edm dal\u0161\u00ed str\u00e1nky nebo kliknut\u00edm na jak\u00fdkoli prvek str\u00e1nky) souhlas\u00edte s jejich pou\u017e\u00edv\u00e1n\u00edm. Stejn\u011b tak souhlas vyjad\u0159ujete kliknut\u00edm na ikonu \u201eX\u201c vpravo na banneru.<\/p>\n<p>U n\u011bkter\u00fdch typ\u016f cookies je z\u00edsk\u00e1n\u00ed va\u0161eho souhlasu nezbytn\u00e9.<\/p>\n<p>a. Cookies nevy\u017eaduj\u00edc\u00ed souhlas<br \/>\nDle doporu\u010den\u00ed CNIL (francouzsk\u00e9ho \u00fa\u0159adu pro ochranu osobn\u00edch \u00fadaj\u016f) n\u011bkter\u00e9 cookies nevy\u017eaduj\u00ed p\u0159edchoz\u00ed souhlas, pokud jsou nezbytn\u00e9 pro fungov\u00e1n\u00ed webu nebo slou\u017e\u00ed v\u00fdhradn\u011b ke komunikaci elektronickou cestou. Pat\u0159\u00ed sem zejm\u00e9na cookies pro identifikaci relace, ov\u011b\u0159ov\u00e1n\u00ed u\u017eivatele, vyv\u00e1\u017een\u00ed z\u00e1t\u011b\u017ee nebo p\u0159izp\u016fsoben\u00ed rozhran\u00ed. Tyto cookies podl\u00e9haj\u00ed t\u011bmto z\u00e1sad\u00e1m, pokud je nastavuje a spravuje provozovatel webu.<\/p>\n<p>b. Cookies vy\u017eaduj\u00edc\u00ed souhlas<br \/>\nDo t\u00e9to kategorie spadaj\u00ed tzv. \u201eperzistentn\u00ed\u201c cookies, kter\u00e9 z\u016fst\u00e1vaj\u00ed na va\u0161em za\u0159\u00edzen\u00ed do jejich odstran\u011bn\u00ed nebo do uplynut\u00ed doby platnosti.<\/p>\n<p>Tyto cookies poch\u00e1zej\u00ed od t\u0159et\u00edch stran a jejich pou\u017eit\u00ed se \u0159\u00edd\u00ed vlastn\u00edmi z\u00e1sadami ochrany osobn\u00edch \u00fadaj\u016f. Pat\u0159\u00ed sem nap\u0159\u00edklad:<\/p>\n<p>Cookies pro m\u011b\u0159en\u00ed n\u00e1v\u0161t\u011bvnosti (nap\u0159. Google Analytics), kter\u00e9 slou\u017e\u00ed ke statistick\u00e9mu sledov\u00e1n\u00ed n\u00e1v\u0161t\u011bvnosti a vyu\u017e\u00edv\u00e1n\u00ed obsahu webu.<\/p>\n<p>Cookies soci\u00e1ln\u00edch s\u00edt\u00ed (nap\u0159. Facebook, YouTube, Twitter, LinkedIn), kter\u00e9 umo\u017e\u0148uj\u00ed sd\u00edlen\u00ed obsahu na t\u011bchto s\u00edt\u00edch.<\/p>\n<p>Pou\u017e\u00edvan\u00e9 n\u00e1stroje a odkazy na z\u00e1sady ochrany osobn\u00edch \u00fadaj\u016f:<\/p>\n<p>Google Analytics: https:\/\/www.policies.google.com\/privacy?hl=fr-CA<\/p>\n<p>Facebook: https:\/\/fr-fr.facebook.com\/policies\/cookies\/<\/p>\n<p>LinkedIn: https:\/\/www.linkedin.com\/legal\/cookie-policy?_l=fr_FR<\/p>\n<p>Twitter: https:\/\/support.twitter.com\/articles\/20170518#<\/p>\n<p>YouTube:<\/p>\n<p>N\u00e1pov\u011bda ke smaz\u00e1n\u00ed cookies: https:\/\/support.google.com\/youtube\/answer\/32050?hl=fr<\/p>\n<p>Z\u00e1sady pou\u017e\u00edv\u00e1n\u00ed cookies: https:\/\/www.google.fr\/intl\/fr\/policies\/technologies\/cookies\/<\/p>\n<p>c. N\u00e1stroje pro spr\u00e1vu cookies<br \/>\nV\u011bt\u0161ina internetov\u00fdch prohl\u00ed\u017ee\u010d\u016f je ve v\u00fdchoz\u00edm nastaven\u00ed nastavena tak, aby cookies povolovala. M\u016f\u017eete je v\u0161ak nastavit tak, aby byly v\u0161echny cookies odm\u00edtnuty, nebo aby bylo povoleno pouze n\u011bkter\u00e9 z nich podle jejich p\u016fvodu.<\/p>\n<p>Upozorn\u011bn\u00ed: Odm\u00edtnut\u00ed cookies m\u016f\u017ee negativn\u011b ovlivnit va\u0161i u\u017eivatelskou zku\u0161enost a p\u0159\u00edstup k n\u011bkter\u00fdm funkc\u00edm na webu. V takov\u00e9m p\u0159\u00edpad\u011b nenese provozovatel webu odpov\u011bdnost za p\u0159\u00edpadn\u00e9 omezen\u00ed funk\u010dnosti a nelze na tomto z\u00e1klad\u011b po\u017eadovat n\u00e1hradu \u0161kody.<\/p>\n<p>Prohl\u00ed\u017ee\u010d v\u00e1m tak\u00e9 umo\u017e\u0148uje mazat ji\u017e ulo\u017een\u00e9 cookies nebo v\u00e1s informovat o jejich p\u0159\u00edpadn\u00e9m ukl\u00e1d\u00e1n\u00ed. Tato nastaven\u00ed nemaj\u00ed vliv na samotn\u00e9 prohl\u00ed\u017een\u00ed, ale mohou omezit funkcionalitu poskytovanou pomoc\u00ed cookies.<\/p>\n<p>d. Nastaven\u00ed cookies v jednotliv\u00fdch prohl\u00ed\u017ee\u010d\u00edch:<br \/>\nGoogle Chrome: https:\/\/support.google.com\/chrome\/answer\/95647?hl=fr<\/p>\n<p>Mozilla Firefox: https:\/\/support.mozilla.org\/fr\/kb\/activer-desactiver-cookies<\/p>\n<p>Internet Explorer: https:\/\/support.microsoft.com\/fr-fr\/help\/17442\/windows-internet-explorer-delete-manage-cookies#ie=ie-11<\/p>\n<p>Opera: https:\/\/help.opera.com\/Windows\/10.20\/fr\/cookies.html<\/p>\n<p>Safari: https:\/\/support.apple.com\/kb\/PH21411?viewlocale=fr_FR&amp;locale=fr_FR<\/p>\n<p>Dal\u0161\u00ed informace o spr\u00e1v\u011b cookies naleznete na str\u00e1nk\u00e1ch CNIL: https:\/\/www.cnil.fr\/fr\/cookies-les-outils-pour-les-maitriser<\/p>\n<p>V p\u0159\u00edpad\u011b jak\u00fdchkoli dotaz\u016f t\u00fdkaj\u00edc\u00edch se t\u011bchto z\u00e1sad pou\u017e\u00edv\u00e1n\u00ed cookies n\u00e1s pros\u00edm kontaktujte prost\u0159ednictv\u00edm na\u0161eho kontaktn\u00edho formul\u00e1\u0159e.[\/vc_column_text][\/vc_column][\/vc_row]","protected":false},"excerpt":{"rendered":"<p>[vc_row type=&#8220;in_container&#8220; full_screen_row_position=&#8220;middle&#8220; column_margin=&#8220;default&#8220; column_direction=&#8220;default&#8220; column_direction_tablet=&#8220;default&#8220; column_direction_phone=&#8220;default&#8220; scene_position=&#8220;center&#8220; text_color=&#8220;dark&#8220; text_align=&#8220;left&#8220; row_border_radius=&#8220;none&#8220; row_border_radius_applies=&#8220;bg&#8220; overflow=&#8220;visible&#8220; overlay_strength=&#8220;0.3&#8243; gradient_direction=&#8220;left_to_right&#8220; shape_divider_position=&#8220;bottom&#8220; bg_image_animation=&#8220;none&#8220;][vc_column column_padding=&#8220;no-extra-padding&#8220; column_padding_tablet=&#8220;inherit&#8220; column_padding_phone=&#8220;inherit&#8220; column_padding_position=&#8220;all&#8220; column_element_direction_desktop=&#8220;default&#8220; column_element_spacing=&#8220;default&#8220; desktop_text_alignment=&#8220;default&#8220; tablet_text_alignment=&#8220;default&#8220; phone_text_alignment=&#8220;default&#8220; background_color_opacity=&#8220;1&#8243; background_hover_color_opacity=&#8220;1&#8243; column_backdrop_filter=&#8220;none&#8220; column_shadow=&#8220;none&#8220;&#8230;<\/p>","protected":false},"author":1,"featured_media":0,"parent":0,"menu_order":0,"comment_status":"closed","ping_status":"closed","template":"","meta":{"inline_featured_image":false,"footnotes":""},"class_list":["post-560","page","type-page","status-publish"],"yoast_head":"<!-- This site is optimized with the Yoast SEO plugin v25.3 - https:\/\/yoast.com\/wordpress\/plugins\/seo\/ -->\n<title>Z\u00c1SADY POU\u017d\u00cdV\u00c1N\u00cd SOUBOR\u016e COOKIES - Voltaneo<\/title>\n<meta name=\"robots\" content=\"index, follow, max-snippet:-1, max-image-preview:large, max-video-preview:-1\" \/>\n<link rel=\"canonical\" href=\"https:\/\/www.voltaneo.com\/cs\/cookies\/\" \/>\n<meta property=\"og:locale\" content=\"cs_CZ\" \/>\n<meta property=\"og:type\" content=\"article\" \/>\n<meta property=\"og:title\" content=\"Z\u00c1SADY POU\u017d\u00cdV\u00c1N\u00cd SOUBOR\u016e COOKIES - Voltaneo\" \/>\n<meta property=\"og:description\" content=\"[vc_row type=&#8220;in_container&#8220; full_screen_row_position=&#8220;middle&#8220; column_margin=&#8220;default&#8220; column_direction=&#8220;default&#8220; column_direction_tablet=&#8220;default&#8220; column_direction_phone=&#8220;default&#8220; scene_position=&#8220;center&#8220; text_color=&#8220;dark&#8220; text_align=&#8220;left&#8220; row_border_radius=&#8220;none&#8220; row_border_radius_applies=&#8220;bg&#8220; overflow=&#8220;visible&#8220; overlay_strength=&#8220;0.3&#8243; gradient_direction=&#8220;left_to_right&#8220; shape_divider_position=&#8220;bottom&#8220; bg_image_animation=&#8220;none&#8220;][vc_column column_padding=&#8220;no-extra-padding&#8220; column_padding_tablet=&#8220;inherit&#8220; column_padding_phone=&#8220;inherit&#8220; column_padding_position=&#8220;all&#8220; column_element_direction_desktop=&#8220;default&#8220; column_element_spacing=&#8220;default&#8220; desktop_text_alignment=&#8220;default&#8220; tablet_text_alignment=&#8220;default&#8220; phone_text_alignment=&#8220;default&#8220; background_color_opacity=&#8220;1&#8243; background_hover_color_opacity=&#8220;1&#8243; column_backdrop_filter=&#8220;none&#8220; column_shadow=&#8220;none&#8220;...\" \/>\n<meta property=\"og:url\" content=\"https:\/\/www.voltaneo.com\/cs\/cookies\/\" \/>\n<meta property=\"og:site_name\" content=\"Voltaneo\" \/>\n<meta property=\"article:modified_time\" content=\"2025-05-27T10:22:06+00:00\" \/>\n<meta name=\"twitter:card\" content=\"summary_large_image\" \/>\n<meta name=\"twitter:label1\" content=\"Odhadovan\u00e1 doba \u010dten\u00ed\" \/>\n\t<meta name=\"twitter:data1\" content=\"4 minuty\" \/>\n<script type=\"application\/ld+json\" class=\"yoast-schema-graph\">{\"@context\":\"https:\/\/schema.org\",\"@graph\":[{\"@type\":\"WebPage\",\"@id\":\"https:\/\/www.voltaneo.com\/cs\/cookies\/\",\"url\":\"https:\/\/www.voltaneo.com\/cs\/cookies\/\",\"name\":\"Z\u00c1SADY POU\u017d\u00cdV\u00c1N\u00cd SOUBOR\u016e COOKIES - Voltaneo\",\"isPartOf\":{\"@id\":\"https:\/\/www.voltaneo.com\/cs\/#website\"},\"datePublished\":\"2025-05-15T07:20:38+00:00\",\"dateModified\":\"2025-05-27T10:22:06+00:00\",\"breadcrumb\":{\"@id\":\"https:\/\/www.voltaneo.com\/cs\/cookies\/#breadcrumb\"},\"inLanguage\":\"cs\",\"potentialAction\":[{\"@type\":\"ReadAction\",\"target\":[\"https:\/\/www.voltaneo.com\/cs\/cookies\/\"]}]},{\"@type\":\"BreadcrumbList\",\"@id\":\"https:\/\/www.voltaneo.com\/cs\/cookies\/#breadcrumb\",\"itemListElement\":[{\"@type\":\"ListItem\",\"position\":1,\"name\":\"Home\",\"item\":\"https:\/\/www.voltaneo.com\/cs\/\"},{\"@type\":\"ListItem\",\"position\":2,\"name\":\"Z\u00c1SADY POU\u017d\u00cdV\u00c1N\u00cd SOUBOR\u016e COOKIES\"}]},{\"@type\":\"WebSite\",\"@id\":\"https:\/\/www.voltaneo.com\/cs\/#website\",\"url\":\"https:\/\/www.voltaneo.com\/cs\/\",\"name\":\"Voltaneo\",\"description\":\"Distributeur de solutions en \u00e9nergies renouvelables\",\"potentialAction\":[{\"@type\":\"SearchAction\",\"target\":{\"@type\":\"EntryPoint\",\"urlTemplate\":\"https:\/\/www.voltaneo.com\/cs\/?s={search_term_string}\"},\"query-input\":{\"@type\":\"PropertyValueSpecification\",\"valueRequired\":true,\"valueName\":\"search_term_string\"}}],\"inLanguage\":\"cs\"}]}<\/script>\n<!-- \/ Yoast SEO plugin. -->","yoast_head_json":{"title":"Z\u00c1SADY POU\u017d\u00cdV\u00c1N\u00cd SOUBOR\u016e COOKIES - Voltaneo","robots":{"index":"index","follow":"follow","max-snippet":"max-snippet:-1","max-image-preview":"max-image-preview:large","max-video-preview":"max-video-preview:-1"},"canonical":"https:\/\/www.voltaneo.com\/cs\/cookies\/","og_locale":"cs_CZ","og_type":"article","og_title":"Z\u00c1SADY POU\u017d\u00cdV\u00c1N\u00cd SOUBOR\u016e COOKIES - Voltaneo","og_description":"[vc_row type=&#8220;in_container&#8220; full_screen_row_position=&#8220;middle&#8220; column_margin=&#8220;default&#8220; column_direction=&#8220;default&#8220; column_direction_tablet=&#8220;default&#8220; column_direction_phone=&#8220;default&#8220; scene_position=&#8220;center&#8220; text_color=&#8220;dark&#8220; text_align=&#8220;left&#8220; row_border_radius=&#8220;none&#8220; row_border_radius_applies=&#8220;bg&#8220; overflow=&#8220;visible&#8220; overlay_strength=&#8220;0.3&#8243; gradient_direction=&#8220;left_to_right&#8220; shape_divider_position=&#8220;bottom&#8220; bg_image_animation=&#8220;none&#8220;][vc_column column_padding=&#8220;no-extra-padding&#8220; column_padding_tablet=&#8220;inherit&#8220; column_padding_phone=&#8220;inherit&#8220; column_padding_position=&#8220;all&#8220; column_element_direction_desktop=&#8220;default&#8220; column_element_spacing=&#8220;default&#8220; desktop_text_alignment=&#8220;default&#8220; tablet_text_alignment=&#8220;default&#8220; phone_text_alignment=&#8220;default&#8220; background_color_opacity=&#8220;1&#8243; background_hover_color_opacity=&#8220;1&#8243; column_backdrop_filter=&#8220;none&#8220; column_shadow=&#8220;none&#8220;...","og_url":"https:\/\/www.voltaneo.com\/cs\/cookies\/","og_site_name":"Voltaneo","article_modified_time":"2025-05-27T10:22:06+00:00","twitter_card":"summary_large_image","twitter_misc":{"Odhadovan\u00e1 doba \u010dten\u00ed":"4 minuty"},"schema":{"@context":"https:\/\/schema.org","@graph":[{"@type":"WebPage","@id":"https:\/\/www.voltaneo.com\/cs\/cookies\/","url":"https:\/\/www.voltaneo.com\/cs\/cookies\/","name":"Z\u00c1SADY POU\u017d\u00cdV\u00c1N\u00cd SOUBOR\u016e COOKIES - Voltaneo","isPartOf":{"@id":"https:\/\/www.voltaneo.com\/cs\/#website"},"datePublished":"2025-05-15T07:20:38+00:00","dateModified":"2025-05-27T10:22:06+00:00","breadcrumb":{"@id":"https:\/\/www.voltaneo.com\/cs\/cookies\/#breadcrumb"},"inLanguage":"cs","potentialAction":[{"@type":"ReadAction","target":["https:\/\/www.voltaneo.com\/cs\/cookies\/"]}]},{"@type":"BreadcrumbList","@id":"https:\/\/www.voltaneo.com\/cs\/cookies\/#breadcrumb","itemListElement":[{"@type":"ListItem","position":1,"name":"Home","item":"https:\/\/www.voltaneo.com\/cs\/"},{"@type":"ListItem","position":2,"name":"Z\u00c1SADY POU\u017d\u00cdV\u00c1N\u00cd SOUBOR\u016e COOKIES"}]},{"@type":"WebSite","@id":"https:\/\/www.voltaneo.com\/cs\/#website","url":"https:\/\/www.voltaneo.com\/cs\/","name":"Voltaneo","description":"Distributeur de solutions en \u00e9nergies renouvelables","potentialAction":[{"@type":"SearchAction","target":{"@type":"EntryPoint","urlTemplate":"https:\/\/www.voltaneo.com\/cs\/?s={search_term_string}"},"query-input":{"@type":"PropertyValueSpecification","valueRequired":true,"valueName":"search_term_string"}}],"inLanguage":"cs"}]}},"_links":{"self":[{"href":"https:\/\/www.voltaneo.com\/cs\/wp-json\/wp\/v2\/pages\/560","targetHints":{"allow":["GET"]}}],"collection":[{"href":"https:\/\/www.voltaneo.com\/cs\/wp-json\/wp\/v2\/pages"}],"about":[{"href":"https:\/\/www.voltaneo.com\/cs\/wp-json\/wp\/v2\/types\/page"}],"author":[{"embeddable":true,"href":"https:\/\/www.voltaneo.com\/cs\/wp-json\/wp\/v2\/users\/1"}],"replies":[{"embeddable":true,"href":"https:\/\/www.voltaneo.com\/cs\/wp-json\/wp\/v2\/comments?post=560"}],"version-history":[{"count":1,"href":"https:\/\/www.voltaneo.com\/cs\/wp-json\/wp\/v2\/pages\/560\/revisions"}],"predecessor-version":[{"id":818,"href":"https:\/\/www.voltaneo.com\/cs\/wp-json\/wp\/v2\/pages\/560\/revisions\/818"}],"wp:attachment":[{"href":"https:\/\/www.voltaneo.com\/cs\/wp-json\/wp\/v2\/media?parent=560"}],"curies":[{"name":"wp","href":"https:\/\/api.w.org\/{rel}","templated":true}]}}