{"id":564,"date":"2025-05-15T09:19:33","date_gmt":"2025-05-15T07:19:33","guid":{"rendered":"https:\/\/voltaneo2025.numeria.dev\/mentions-legales\/"},"modified":"2025-05-27T12:20:18","modified_gmt":"2025-05-27T10:20:18","slug":"pravni-informace","status":"publish","type":"page","link":"https:\/\/www.voltaneo.com\/cs\/pravni-informace\/","title":{"rendered":"Pr\u00e1vn\u00ed informace"},"content":{"rendered":"[vc_row type=&#8220;in_container&#8220; full_screen_row_position=&#8220;middle&#8220; column_margin=&#8220;default&#8220; column_direction=&#8220;default&#8220; column_direction_tablet=&#8220;default&#8220; column_direction_phone=&#8220;default&#8220; scene_position=&#8220;center&#8220; text_color=&#8220;dark&#8220; text_align=&#8220;left&#8220; row_border_radius=&#8220;none&#8220; row_border_radius_applies=&#8220;bg&#8220; overflow=&#8220;visible&#8220; overlay_strength=&#8220;0.3&#8243; gradient_direction=&#8220;left_to_right&#8220; shape_divider_position=&#8220;bottom&#8220; bg_image_animation=&#8220;none&#8220;][vc_column column_padding=&#8220;no-extra-padding&#8220; column_padding_tablet=&#8220;inherit&#8220; column_padding_phone=&#8220;inherit&#8220; column_padding_position=&#8220;all&#8220; column_element_direction_desktop=&#8220;default&#8220; column_element_spacing=&#8220;default&#8220; desktop_text_alignment=&#8220;default&#8220; tablet_text_alignment=&#8220;default&#8220; phone_text_alignment=&#8220;default&#8220; background_color_opacity=&#8220;1&#8243; background_hover_color_opacity=&#8220;1&#8243; column_backdrop_filter=&#8220;none&#8220; column_shadow=&#8220;none&#8220; column_border_radius=&#8220;none&#8220; column_link_target=&#8220;_self&#8220; column_position=&#8220;default&#8220; gradient_direction=&#8220;left_to_right&#8220; overlay_strength=&#8220;0.3&#8243; width=&#8220;1\/1&#8243; tablet_width_inherit=&#8220;default&#8220; animation_type=&#8220;default&#8220; bg_image_animation=&#8220;none&#8220; border_type=&#8220;simple&#8220; column_border_width=&#8220;none&#8220; column_border_style=&#8220;solid&#8220;][vc_column_text css=&#8220;&#8220; text_direction=&#8220;default&#8220;]\n<h1>Pr\u00e1vn\u00ed informace<\/h1>\n<p>Tato webov\u00e1 str\u00e1nka podl\u00e9h\u00e1 mezin\u00e1rodn\u00edm smlouv\u00e1m a francouzsk\u00e9 legislativ\u011b o autorsk\u00fdch pr\u00e1vech a du\u0161evn\u00edm vlastnictv\u00ed a je v souladu s ustanoven\u00edmi z\u00e1kona \u010d. 2004-575 ze dne 21. \u010dervna 2004 o d\u016fv\u011b\u0159e v digit\u00e1ln\u00ed ekonomiku. Jak\u00e1koli reprodukce t\u00e9to str\u00e1nky, a\u0165 u\u017e cel\u00e1 nebo \u010d\u00e1ste\u010dn\u00e1, je v\u00fdslovn\u011b zak\u00e1z\u00e1na bez p\u0159edchoz\u00edho souhlasu spole\u010dnosti SAS VOLTANEO.<\/p>\n<p>&gt; Vlastn\u00edk webu www.voltaneo.com<\/p>\n<p>VOLTANEO<br \/>\nSAS s kapit\u00e1lem 5&nbsp;000&nbsp;000 eur<br \/>\nS\u00eddlo: 12 Rue Claude Burdin, 63100 CLERMONT-FERRAND<br \/>\nObchodn\u00ed rejst\u0159\u00edk: Clermont-Ferrand 831&nbsp;307&nbsp;301<br \/>\nTelefon: 04 73 14 03 63<br \/>\nDI\u010c (intrakomunit\u00e1rn\u00ed DPH): FR20831307301<br \/>\nK\u00f3d APE: 4669C<br \/>\n\u0158editel publikace: pan Pierre HUBERT, prezident<\/p>\n<p>&gt; Hosting webu www.voltaneo.com<\/p>\n<p>B2 Network SARL<br \/>\n15 rue Jean Claret<br \/>\n63000 Clermont-Ferrand<br \/>\nSARL s kapit\u00e1lem 50&nbsp;000 eur<br \/>\nObchodn\u00ed rejst\u0159\u00edk: Clermont-Ferrand 793&nbsp;496&nbsp;662<br \/>\n\u0158editel publikace: Nicolas BELAN<\/p>\n<p>&gt; CNIL<\/p>\n<p>Registra\u010dn\u00ed \u010d\u00edslo u CNIL: 2094787<\/p>\n<p>&gt; Reklamace<\/p>\n<p>Pro jakoukoli reklamaci t\u00fdkaj\u00edc\u00ed se webov\u00e9 str\u00e1nky n\u00e1s m\u016f\u017eete kontaktovat:<br \/>\n\u2013 Telefonicky: 04 73 14 03 63 od pond\u011bl\u00ed do p\u00e1tku<br \/>\n\u2013 Po\u0161tou: 12 Rue Claude Burdin, 63100 CLERMONT-FERRAND[\/vc_column_text][\/vc_column][\/vc_row]","protected":false},"excerpt":{"rendered":"<p>[vc_row type=&#8220;in_container&#8220; full_screen_row_position=&#8220;middle&#8220; column_margin=&#8220;default&#8220; column_direction=&#8220;default&#8220; column_direction_tablet=&#8220;default&#8220; column_direction_phone=&#8220;default&#8220; scene_position=&#8220;center&#8220; text_color=&#8220;dark&#8220; text_align=&#8220;left&#8220; row_border_radius=&#8220;none&#8220; row_border_radius_applies=&#8220;bg&#8220; overflow=&#8220;visible&#8220; overlay_strength=&#8220;0.3&#8243; gradient_direction=&#8220;left_to_right&#8220; shape_divider_position=&#8220;bottom&#8220; bg_image_animation=&#8220;none&#8220;][vc_column column_padding=&#8220;no-extra-padding&#8220; column_padding_tablet=&#8220;inherit&#8220; column_padding_phone=&#8220;inherit&#8220; column_padding_position=&#8220;all&#8220; column_element_direction_desktop=&#8220;default&#8220; column_element_spacing=&#8220;default&#8220; desktop_text_alignment=&#8220;default&#8220; tablet_text_alignment=&#8220;default&#8220; phone_text_alignment=&#8220;default&#8220; background_color_opacity=&#8220;1&#8243; background_hover_color_opacity=&#8220;1&#8243; column_backdrop_filter=&#8220;none&#8220; column_shadow=&#8220;none&#8220;&#8230;<\/p>","protected":false},"author":1,"featured_media":0,"parent":0,"menu_order":0,"comment_status":"closed","ping_status":"closed","template":"","meta":{"inline_featured_image":false,"footnotes":""},"class_list":["post-564","page","type-page","status-publish"],"yoast_head":"<!-- This site is optimized with the Yoast SEO plugin v25.3 - https:\/\/yoast.com\/wordpress\/plugins\/seo\/ -->\n<title>Pr\u00e1vn\u00ed informace - Voltaneo<\/title>\n<meta name=\"robots\" content=\"index, follow, max-snippet:-1, max-image-preview:large, max-video-preview:-1\" \/>\n<link rel=\"canonical\" href=\"https:\/\/www.voltaneo.com\/cs\/pravni-informace\/\" \/>\n<meta property=\"og:locale\" content=\"cs_CZ\" \/>\n<meta property=\"og:type\" content=\"article\" \/>\n<meta property=\"og:title\" content=\"Pr\u00e1vn\u00ed informace - Voltaneo\" \/>\n<meta property=\"og:description\" content=\"[vc_row type=&#8220;in_container&#8220; full_screen_row_position=&#8220;middle&#8220; column_margin=&#8220;default&#8220; column_direction=&#8220;default&#8220; column_direction_tablet=&#8220;default&#8220; column_direction_phone=&#8220;default&#8220; scene_position=&#8220;center&#8220; text_color=&#8220;dark&#8220; text_align=&#8220;left&#8220; row_border_radius=&#8220;none&#8220; row_border_radius_applies=&#8220;bg&#8220; overflow=&#8220;visible&#8220; overlay_strength=&#8220;0.3&#8243; gradient_direction=&#8220;left_to_right&#8220; shape_divider_position=&#8220;bottom&#8220; bg_image_animation=&#8220;none&#8220;][vc_column column_padding=&#8220;no-extra-padding&#8220; column_padding_tablet=&#8220;inherit&#8220; column_padding_phone=&#8220;inherit&#8220; column_padding_position=&#8220;all&#8220; column_element_direction_desktop=&#8220;default&#8220; column_element_spacing=&#8220;default&#8220; desktop_text_alignment=&#8220;default&#8220; tablet_text_alignment=&#8220;default&#8220; phone_text_alignment=&#8220;default&#8220; background_color_opacity=&#8220;1&#8243; background_hover_color_opacity=&#8220;1&#8243; column_backdrop_filter=&#8220;none&#8220; column_shadow=&#8220;none&#8220;...\" \/>\n<meta property=\"og:url\" content=\"https:\/\/www.voltaneo.com\/cs\/pravni-informace\/\" \/>\n<meta property=\"og:site_name\" content=\"Voltaneo\" \/>\n<meta property=\"article:modified_time\" content=\"2025-05-27T10:20:18+00:00\" \/>\n<meta name=\"twitter:card\" content=\"summary_large_image\" \/>\n<meta name=\"twitter:label1\" content=\"Odhadovan\u00e1 doba \u010dten\u00ed\" \/>\n\t<meta name=\"twitter:data1\" content=\"1 minuta\" \/>\n<script type=\"application\/ld+json\" class=\"yoast-schema-graph\">{\"@context\":\"https:\/\/schema.org\",\"@graph\":[{\"@type\":\"WebPage\",\"@id\":\"https:\/\/www.voltaneo.com\/cs\/pravni-informace\/\",\"url\":\"https:\/\/www.voltaneo.com\/cs\/pravni-informace\/\",\"name\":\"Pr\u00e1vn\u00ed informace - Voltaneo\",\"isPartOf\":{\"@id\":\"https:\/\/www.voltaneo.com\/cs\/#website\"},\"datePublished\":\"2025-05-15T07:19:33+00:00\",\"dateModified\":\"2025-05-27T10:20:18+00:00\",\"breadcrumb\":{\"@id\":\"https:\/\/www.voltaneo.com\/cs\/pravni-informace\/#breadcrumb\"},\"inLanguage\":\"cs\",\"potentialAction\":[{\"@type\":\"ReadAction\",\"target\":[\"https:\/\/www.voltaneo.com\/cs\/pravni-informace\/\"]}]},{\"@type\":\"BreadcrumbList\",\"@id\":\"https:\/\/www.voltaneo.com\/cs\/pravni-informace\/#breadcrumb\",\"itemListElement\":[{\"@type\":\"ListItem\",\"position\":1,\"name\":\"Home\",\"item\":\"https:\/\/www.voltaneo.com\/cs\/\"},{\"@type\":\"ListItem\",\"position\":2,\"name\":\"Pr\u00e1vn\u00ed informace\"}]},{\"@type\":\"WebSite\",\"@id\":\"https:\/\/www.voltaneo.com\/cs\/#website\",\"url\":\"https:\/\/www.voltaneo.com\/cs\/\",\"name\":\"Voltaneo\",\"description\":\"Distributeur de solutions en \u00e9nergies renouvelables\",\"potentialAction\":[{\"@type\":\"SearchAction\",\"target\":{\"@type\":\"EntryPoint\",\"urlTemplate\":\"https:\/\/www.voltaneo.com\/cs\/?s={search_term_string}\"},\"query-input\":{\"@type\":\"PropertyValueSpecification\",\"valueRequired\":true,\"valueName\":\"search_term_string\"}}],\"inLanguage\":\"cs\"}]}<\/script>\n<!-- \/ Yoast SEO plugin. -->","yoast_head_json":{"title":"Pr\u00e1vn\u00ed informace - Voltaneo","robots":{"index":"index","follow":"follow","max-snippet":"max-snippet:-1","max-image-preview":"max-image-preview:large","max-video-preview":"max-video-preview:-1"},"canonical":"https:\/\/www.voltaneo.com\/cs\/pravni-informace\/","og_locale":"cs_CZ","og_type":"article","og_title":"Pr\u00e1vn\u00ed informace - Voltaneo","og_description":"[vc_row type=&#8220;in_container&#8220; full_screen_row_position=&#8220;middle&#8220; column_margin=&#8220;default&#8220; column_direction=&#8220;default&#8220; column_direction_tablet=&#8220;default&#8220; column_direction_phone=&#8220;default&#8220; scene_position=&#8220;center&#8220; text_color=&#8220;dark&#8220; text_align=&#8220;left&#8220; row_border_radius=&#8220;none&#8220; row_border_radius_applies=&#8220;bg&#8220; overflow=&#8220;visible&#8220; overlay_strength=&#8220;0.3&#8243; gradient_direction=&#8220;left_to_right&#8220; shape_divider_position=&#8220;bottom&#8220; bg_image_animation=&#8220;none&#8220;][vc_column column_padding=&#8220;no-extra-padding&#8220; column_padding_tablet=&#8220;inherit&#8220; column_padding_phone=&#8220;inherit&#8220; column_padding_position=&#8220;all&#8220; column_element_direction_desktop=&#8220;default&#8220; column_element_spacing=&#8220;default&#8220; desktop_text_alignment=&#8220;default&#8220; tablet_text_alignment=&#8220;default&#8220; phone_text_alignment=&#8220;default&#8220; background_color_opacity=&#8220;1&#8243; background_hover_color_opacity=&#8220;1&#8243; column_backdrop_filter=&#8220;none&#8220; column_shadow=&#8220;none&#8220;...","og_url":"https:\/\/www.voltaneo.com\/cs\/pravni-informace\/","og_site_name":"Voltaneo","article_modified_time":"2025-05-27T10:20:18+00:00","twitter_card":"summary_large_image","twitter_misc":{"Odhadovan\u00e1 doba \u010dten\u00ed":"1 minuta"},"schema":{"@context":"https:\/\/schema.org","@graph":[{"@type":"WebPage","@id":"https:\/\/www.voltaneo.com\/cs\/pravni-informace\/","url":"https:\/\/www.voltaneo.com\/cs\/pravni-informace\/","name":"Pr\u00e1vn\u00ed informace - Voltaneo","isPartOf":{"@id":"https:\/\/www.voltaneo.com\/cs\/#website"},"datePublished":"2025-05-15T07:19:33+00:00","dateModified":"2025-05-27T10:20:18+00:00","breadcrumb":{"@id":"https:\/\/www.voltaneo.com\/cs\/pravni-informace\/#breadcrumb"},"inLanguage":"cs","potentialAction":[{"@type":"ReadAction","target":["https:\/\/www.voltaneo.com\/cs\/pravni-informace\/"]}]},{"@type":"BreadcrumbList","@id":"https:\/\/www.voltaneo.com\/cs\/pravni-informace\/#breadcrumb","itemListElement":[{"@type":"ListItem","position":1,"name":"Home","item":"https:\/\/www.voltaneo.com\/cs\/"},{"@type":"ListItem","position":2,"name":"Pr\u00e1vn\u00ed informace"}]},{"@type":"WebSite","@id":"https:\/\/www.voltaneo.com\/cs\/#website","url":"https:\/\/www.voltaneo.com\/cs\/","name":"Voltaneo","description":"Distributeur de solutions en \u00e9nergies renouvelables","potentialAction":[{"@type":"SearchAction","target":{"@type":"EntryPoint","urlTemplate":"https:\/\/www.voltaneo.com\/cs\/?s={search_term_string}"},"query-input":{"@type":"PropertyValueSpecification","valueRequired":true,"valueName":"search_term_string"}}],"inLanguage":"cs"}]}},"_links":{"self":[{"href":"https:\/\/www.voltaneo.com\/cs\/wp-json\/wp\/v2\/pages\/564","targetHints":{"allow":["GET"]}}],"collection":[{"href":"https:\/\/www.voltaneo.com\/cs\/wp-json\/wp\/v2\/pages"}],"about":[{"href":"https:\/\/www.voltaneo.com\/cs\/wp-json\/wp\/v2\/types\/page"}],"author":[{"embeddable":true,"href":"https:\/\/www.voltaneo.com\/cs\/wp-json\/wp\/v2\/users\/1"}],"replies":[{"embeddable":true,"href":"https:\/\/www.voltaneo.com\/cs\/wp-json\/wp\/v2\/comments?post=564"}],"version-history":[{"count":1,"href":"https:\/\/www.voltaneo.com\/cs\/wp-json\/wp\/v2\/pages\/564\/revisions"}],"predecessor-version":[{"id":815,"href":"https:\/\/www.voltaneo.com\/cs\/wp-json\/wp\/v2\/pages\/564\/revisions\/815"}],"wp:attachment":[{"href":"https:\/\/www.voltaneo.com\/cs\/wp-json\/wp\/v2\/media?parent=564"}],"curies":[{"name":"wp","href":"https:\/\/api.w.org\/{rel}","templated":true}]}}