{"id":816,"date":"2025-05-13T11:40:37","date_gmt":"2025-05-13T09:40:37","guid":{"rendered":"https:\/\/voltaneo2025.numeria.dev\/politique-de-confidentialite\/"},"modified":"2025-05-27T12:21:38","modified_gmt":"2025-05-27T10:21:38","slug":"poli","status":"publish","type":"page","link":"https:\/\/www.voltaneo.com\/cs\/poli\/","title":{"rendered":"Z\u00e1sady ochrany osobn\u00edch \u00fadaj\u016f t\u00fdkaj\u00edc\u00ed"},"content":{"rendered":"[vc_row type=&#8220;in_container&#8220; full_screen_row_position=&#8220;middle&#8220; column_margin=&#8220;default&#8220; column_direction=&#8220;default&#8220; column_direction_tablet=&#8220;default&#8220; column_direction_phone=&#8220;default&#8220; scene_position=&#8220;center&#8220; text_color=&#8220;dark&#8220; text_align=&#8220;left&#8220; row_border_radius=&#8220;none&#8220; row_border_radius_applies=&#8220;bg&#8220; overflow=&#8220;visible&#8220; overlay_strength=&#8220;0.3&#8243; gradient_direction=&#8220;left_to_right&#8220; shape_divider_position=&#8220;bottom&#8220; bg_image_animation=&#8220;none&#8220;][vc_column column_padding=&#8220;no-extra-padding&#8220; column_padding_tablet=&#8220;inherit&#8220; column_padding_phone=&#8220;inherit&#8220; column_padding_position=&#8220;all&#8220; column_element_direction_desktop=&#8220;default&#8220; column_element_spacing=&#8220;default&#8220; desktop_text_alignment=&#8220;default&#8220; tablet_text_alignment=&#8220;default&#8220; phone_text_alignment=&#8220;default&#8220; background_color_opacity=&#8220;1&#8243; background_hover_color_opacity=&#8220;1&#8243; column_backdrop_filter=&#8220;none&#8220; column_shadow=&#8220;none&#8220; column_border_radius=&#8220;none&#8220; column_link_target=&#8220;_self&#8220; column_position=&#8220;default&#8220; gradient_direction=&#8220;left_to_right&#8220; overlay_strength=&#8220;0.3&#8243; width=&#8220;1\/1&#8243; tablet_width_inherit=&#8220;default&#8220; animation_type=&#8220;default&#8220; bg_image_animation=&#8220;none&#8220; border_type=&#8220;simple&#8220; column_border_width=&#8220;none&#8220; column_border_style=&#8220;solid&#8220;][vc_column_text css=&#8220;&#8220; text_direction=&#8220;default&#8220;]\n<h1>Z\u00e1sady ochrany osobn\u00edch \u00fadaj\u016f t\u00fdkaj\u00edc\u00ed se webu www.webshop.voltaneo.com<\/h1>\n<p>Tato z\u00e1sada ochrany osobn\u00edch \u00fadaj\u016f definuje a informuje v\u00e1s o zp\u016fsobu, jak\u00fdm vlastn\u00edk webu pou\u017e\u00edv\u00e1 a chr\u00e1n\u00ed informace, kter\u00e9 u\u017eivatel p\u0159\u00edpadn\u011b poskytuje p\u0159i pou\u017e\u00edv\u00e1n\u00ed webu p\u0159\u00edstupn\u00e9ho na adrese: www.webshop.voltaneo.com (d\u00e1le jen \u201eWeb\u201c).<\/p>\n<p>Upozor\u0148ujeme, \u017ee tyto z\u00e1sady ochrany osobn\u00edch \u00fadaj\u016f mohou b\u00fdt kdykoliv upraveny nebo dopln\u011bny, zejm\u00e9na za \u00fa\u010delem zaji\u0161t\u011bn\u00ed souladu s pr\u00e1vn\u00edmi, regula\u010dn\u00edmi, judikatorn\u00edmi nebo technologick\u00fdmi zm\u011bnami. V takov\u00e9m p\u0159\u00edpad\u011b bude datum aktualizace uvedeno v horn\u00ed \u010d\u00e1sti tohoto dokumentu. Tyto zm\u011bny jsou z\u00e1vazn\u00e9 pro u\u017eivatele okam\u017eikem jejich zve\u0159ejn\u011bn\u00ed. Doporu\u010dujeme tedy, aby u\u017eivatel pravideln\u011b kontroloval tyto z\u00e1sady ochrany osobn\u00edch \u00fadaj\u016f a z\u00e1sady pou\u017e\u00edv\u00e1n\u00ed cookies, aby m\u011bl p\u0159ehled o p\u0159\u00edpadn\u00fdch zm\u011bn\u00e1ch.<\/p>\n<p>I. Osobn\u00ed \u00fadaje<br \/>\nObecn\u011b je mo\u017en\u00e9 nav\u0161t\u00edvit web bez sd\u011blen\u00ed jak\u00fdchkoli osobn\u00edch \u00fadaj\u016f. V \u017e\u00e1dn\u00e9m p\u0159\u00edpad\u011b nejste povinni tyto informace vlastn\u00edkovi webu poskytovat.<\/p>\n<p>Nicm\u00e9n\u011b v n\u011bkter\u00fdch p\u0159\u00edpadech, pokud odm\u00edtnete poskytnout osobn\u00ed \u00fadaje, mo\u017en\u00e1 nebudete moci vyu\u017e\u00edt ur\u010dit\u00e9 slu\u017eby nebo informace, kter\u00e9 po\u017eadujete. V takov\u00e9m p\u0159\u00edpad\u011b v\u00e1s vlastn\u00edk webu m\u016f\u017ee po\u017e\u00e1dat o zad\u00e1n\u00ed jm\u00e9na, p\u0159\u00edjmen\u00ed, po\u0161tovn\u00ed adresy, e-mailu, telefonn\u00edho \u010d\u00edsla, n\u00e1zvu spole\u010dnosti a pracovn\u00ed pozice a dal\u0161\u00edch \u00fadaj\u016f (d\u00e1le jen \u201eOsobn\u00ed \u00fadaje\u201c). Poskytnut\u00edm t\u011bchto \u00fadaj\u016f v\u00fdslovn\u011b souhlas\u00edte s jejich zpracov\u00e1n\u00edm vlastn\u00edkem webu pro \u00fa\u010dely uveden\u00e9 v bod\u011b 2 n\u00ed\u017ee a tak\u00e9 p\u0159\u00edpadn\u011b uveden\u00e9 na konci jednotliv\u00fdch formul\u00e1\u0159\u016f.<\/p>\n<p>V souladu s Obecn\u00fdm na\u0159\u00edzen\u00edm o ochran\u011b osobn\u00edch \u00fadaj\u016f (GDPR) p\u0159ijat\u00fdm Evropsk\u00fdm parlamentem dne 14. dubna 2016 a Z\u00e1konem o informatice a svobod\u00e1ch ze dne 6. ledna 1978 ve zn\u011bn\u00ed pozd\u011bj\u0161\u00edch p\u0159edpis\u016f v\u00e1m poskytujeme n\u00e1sleduj\u00edc\u00ed informace:<\/p>\n<p>1. Identita spr\u00e1vce \u00fadaj\u016f<br \/>\nSpr\u00e1vcem \u00fadaj\u016f je vlastn\u00edk webu, jeho\u017e kontaktn\u00ed \u00fadaje jsou uvedeny na str\u00e1nk\u00e1ch webu.<\/p>\n<p>2. \u00da\u010dely zpracov\u00e1n\u00ed<br \/>\nVlastn\u00edk webu m\u016f\u017ee zpracov\u00e1vat va\u0161e osobn\u00ed \u00fadaje:<\/p>\n<p>(a) za \u00fa\u010delem poskytov\u00e1n\u00ed informac\u00ed nebo slu\u017eeb, o kter\u00e9 jste po\u017e\u00e1dali (nap\u0159. zas\u00edl\u00e1n\u00ed newsletteru, obchodn\u00ed nab\u00eddky, e-book\u016f nebo kv\u00edzu na vyhodnocen\u00ed souladu); a\/nebo<br \/>\n(b) za \u00fa\u010delem shroma\u017e\u010fov\u00e1n\u00ed informac\u00ed pro zlep\u0161en\u00ed webu, produkt\u016f a slu\u017eeb (zejm\u00e9na pomoc\u00ed cookies); a\/nebo<br \/>\n(c) za \u00fa\u010delem kontaktov\u00e1n\u00ed ohledn\u011b r\u016fzn\u00fdch ud\u00e1lost\u00ed v r\u00e1mci obchodn\u00edho vztahu, v\u010detn\u011b aktualizac\u00ed produkt\u016f a z\u00e1kaznick\u00e9 podpory.<\/p>\n<p>3. P\u0159\u00edjemci \u00fadaj\u016f<br \/>\nVa\u0161e osobn\u00ed \u00fadaje jsou ur\u010deny v\u00fdhradn\u011b vlastn\u00edkovi webu. Tyto \u00fadaje, a\u0165 u\u017e v individu\u00e1ln\u00ed \u010di agregovan\u00e9 podob\u011b, nejsou nikdy p\u0159ed\u00e1v\u00e1ny t\u0159et\u00edm stran\u00e1m, s v\u00fdjimkou zpracovatel\u016f, kter\u00e9 vlastn\u00edk webu vyu\u017e\u00edv\u00e1 (viz bod 7 n\u00ed\u017ee). Ani vlastn\u00edk webu, ani \u017e\u00e1dn\u00fd z jeho zpracovatel\u016f osobn\u00ed \u00fadaje neprod\u00e1v\u00e1.<\/p>\n<p>4. Doba uchov\u00e1v\u00e1n\u00ed<br \/>\nVa\u0161e osobn\u00ed \u00fadaje jsou uchov\u00e1v\u00e1ny pouze po dobu nezbytnou k dosa\u017een\u00ed \u00fa\u010delu jejich sb\u011bru, jak je uvedeno v bod\u011b 2, a v \u017e\u00e1dn\u00e9m p\u0159\u00edpad\u011b d\u00e9le ne\u017e 24 m\u011bs\u00edc\u016f.<\/p>\n<p>5. Pr\u00e1va subjektu \u00fadaj\u016f<br \/>\nM\u00e1te n\u00e1sleduj\u00edc\u00ed pr\u00e1va ohledn\u011b va\u0161ich osobn\u00edch \u00fadaj\u016f. M\u016f\u017eete je uplatnit p\u00edsemn\u011b na po\u0161tovn\u00ed adrese uveden\u00e9 na webu nebo prost\u0159ednictv\u00edm kontaktn\u00edho formul\u00e1\u0159e:<\/p>\n<p>Pr\u00e1vo na p\u0159\u00edstup k \u00fadaj\u016fm<br \/>\nM\u00e1te pr\u00e1vo p\u0159\u00edstupu ke sv\u00fdm osobn\u00edm \u00fadaj\u016fm. Z d\u016fvodu zaji\u0161t\u011bn\u00ed bezpe\u010dnosti a d\u016fv\u011brnosti m\u016f\u017ee b\u00fdt va\u0161e \u017e\u00e1dost vy\u0159\u00edzena pouze po ov\u011b\u0159en\u00ed toto\u017enosti (nap\u0159. naskenovan\u00fd ob\u010dansk\u00fd pr\u016fkaz nebo podepsan\u00e1 kopie).<\/p>\n<p>Pokud si p\u0159ejete toto pr\u00e1vo uplatnit p\u00edsemn\u011b, CNIL nab\u00edz\u00ed vzor \u017e\u00e1dosti:<br \/>\nhttps:\/\/www.cnil.fr\/fr\/modele\/courrier\/exercer-son-droit-dacces<\/p>\n<p>Pr\u00e1vo na opravu \u00fadaj\u016f<br \/>\nM\u016f\u017eete po\u017eadovat opravu, aktualizaci, zablokov\u00e1n\u00ed nebo v\u00fdmaz \u00fadaj\u016f, kter\u00e9 jsou nep\u0159esn\u00e9, chybn\u00e9, ne\u00fapln\u00e9 nebo zastaral\u00e9. Tak\u00e9 m\u016f\u017eete ur\u010dit, co se m\u00e1 s va\u0161imi \u00fadaji st\u00e1t po va\u0161\u00ed smrti.<\/p>\n<p>Vzor \u017e\u00e1dosti CNIL zde:<br \/>\nhttps:\/\/www.cnil.fr\/fr\/modele\/courrier\/rectifier-des-donnees-inexactes-obsoletes-ou-perimees<\/p>\n<p>Pr\u00e1vo vzn\u00e9st n\u00e1mitku<br \/>\nToto pr\u00e1vo lze uplatnit ve dvou p\u0159\u00edpadech:<\/p>\n<p>pokud je n\u00e1mitka zalo\u017eena na opr\u00e1vn\u011bn\u00fdch d\u016fvodech, nebo<\/p>\n<p>pokud jde o n\u00e1mitku proti zpracov\u00e1n\u00ed \u00fadaj\u016f pro \u00fa\u010dely p\u0159\u00edm\u00e9ho marketingu.<\/p>\n<p>Vzor \u017e\u00e1dosti CNIL zde:<br \/>\nhttps:\/\/www.cnil.fr\/fr\/modele\/courrier\/supprimer-des-informations-vous-concernant-dun-site-internet<\/p>\n<p>6. Lh\u016fta pro odpov\u011b\u010f<br \/>\nVlastn\u00edk webu se zavazuje odpov\u011bd\u011bt na va\u0161i \u017e\u00e1dost (p\u0159\u00edstup, oprava, n\u00e1mitka nebo jin\u00e1) v p\u0159im\u011b\u0159en\u00e9 lh\u016ft\u011b, nejd\u00e9le do 1 m\u011bs\u00edce od jej\u00edho obdr\u017een\u00ed.<\/p>\n<p>7. Opr\u00e1vn\u011bn\u00ed poskytovatel\u00e9 slu\u017eeb a p\u0159enos \u00fadaj\u016f v r\u00e1mci EU<br \/>\nVlastn\u00edk webu vyu\u017e\u00edv\u00e1 autorizovan\u00e9 poskytovatele slu\u017eeb, kte\u0159\u00ed pom\u00e1haj\u00ed s technick\u00fdm zpracov\u00e1n\u00edm a spr\u00e1vou \u00fadaj\u016f z\u00edskan\u00fdch prost\u0159ednictv\u00edm webov\u00fdch formul\u00e1\u0159\u016f. Tito poskytovatel\u00e9 s\u00eddl\u00ed v r\u00e1mci Evropsk\u00e9 unie.<\/p>\n<p>Vlastn\u00edk webu se ujistil, \u017ee tito poskytovatel\u00e9 dodr\u017euj\u00ed p\u0159\u00edsn\u00e1 pravidla ochrany \u00fadaj\u016f, d\u016fv\u011brnosti a bezpe\u010dnosti.[\/vc_column_text][\/vc_column][\/vc_row]","protected":false},"excerpt":{"rendered":"<p>[vc_row type=&#8220;in_container&#8220; full_screen_row_position=&#8220;middle&#8220; column_margin=&#8220;default&#8220; column_direction=&#8220;default&#8220; column_direction_tablet=&#8220;default&#8220; column_direction_phone=&#8220;default&#8220; scene_position=&#8220;center&#8220; text_color=&#8220;dark&#8220; text_align=&#8220;left&#8220; row_border_radius=&#8220;none&#8220; row_border_radius_applies=&#8220;bg&#8220; overflow=&#8220;visible&#8220; overlay_strength=&#8220;0.3&#8243; gradient_direction=&#8220;left_to_right&#8220; shape_divider_position=&#8220;bottom&#8220; bg_image_animation=&#8220;none&#8220;][vc_column column_padding=&#8220;no-extra-padding&#8220; column_padding_tablet=&#8220;inherit&#8220; column_padding_phone=&#8220;inherit&#8220; column_padding_position=&#8220;all&#8220; column_element_direction_desktop=&#8220;default&#8220; column_element_spacing=&#8220;default&#8220; desktop_text_alignment=&#8220;default&#8220; tablet_text_alignment=&#8220;default&#8220; phone_text_alignment=&#8220;default&#8220; background_color_opacity=&#8220;1&#8243; background_hover_color_opacity=&#8220;1&#8243; column_backdrop_filter=&#8220;none&#8220; column_shadow=&#8220;none&#8220;&#8230;<\/p>","protected":false},"author":1,"featured_media":0,"parent":0,"menu_order":0,"comment_status":"closed","ping_status":"open","template":"","meta":{"inline_featured_image":false,"footnotes":""},"class_list":["post-816","page","type-page","status-publish"],"yoast_head":"<!-- This site is optimized with the Yoast SEO plugin v25.3 - https:\/\/yoast.com\/wordpress\/plugins\/seo\/ -->\n<title>Z\u00e1sady ochrany osobn\u00edch \u00fadaj\u016f t\u00fdkaj\u00edc\u00ed - Voltaneo<\/title>\n<meta name=\"robots\" content=\"index, follow, max-snippet:-1, max-image-preview:large, max-video-preview:-1\" \/>\n<link rel=\"canonical\" href=\"https:\/\/www.voltaneo.com\/cs\/poli\/\" \/>\n<meta property=\"og:locale\" content=\"cs_CZ\" \/>\n<meta property=\"og:type\" content=\"article\" \/>\n<meta property=\"og:title\" content=\"Z\u00e1sady ochrany osobn\u00edch \u00fadaj\u016f t\u00fdkaj\u00edc\u00ed - Voltaneo\" \/>\n<meta property=\"og:description\" content=\"[vc_row type=&#8220;in_container&#8220; full_screen_row_position=&#8220;middle&#8220; column_margin=&#8220;default&#8220; column_direction=&#8220;default&#8220; column_direction_tablet=&#8220;default&#8220; column_direction_phone=&#8220;default&#8220; scene_position=&#8220;center&#8220; text_color=&#8220;dark&#8220; text_align=&#8220;left&#8220; row_border_radius=&#8220;none&#8220; row_border_radius_applies=&#8220;bg&#8220; overflow=&#8220;visible&#8220; overlay_strength=&#8220;0.3&#8243; gradient_direction=&#8220;left_to_right&#8220; shape_divider_position=&#8220;bottom&#8220; bg_image_animation=&#8220;none&#8220;][vc_column column_padding=&#8220;no-extra-padding&#8220; column_padding_tablet=&#8220;inherit&#8220; column_padding_phone=&#8220;inherit&#8220; column_padding_position=&#8220;all&#8220; column_element_direction_desktop=&#8220;default&#8220; column_element_spacing=&#8220;default&#8220; desktop_text_alignment=&#8220;default&#8220; tablet_text_alignment=&#8220;default&#8220; phone_text_alignment=&#8220;default&#8220; background_color_opacity=&#8220;1&#8243; background_hover_color_opacity=&#8220;1&#8243; column_backdrop_filter=&#8220;none&#8220; column_shadow=&#8220;none&#8220;...\" \/>\n<meta property=\"og:url\" content=\"https:\/\/www.voltaneo.com\/cs\/poli\/\" \/>\n<meta property=\"og:site_name\" content=\"Voltaneo\" \/>\n<meta property=\"article:modified_time\" content=\"2025-05-27T10:21:38+00:00\" \/>\n<meta name=\"twitter:card\" content=\"summary_large_image\" \/>\n<meta name=\"twitter:label1\" content=\"Odhadovan\u00e1 doba \u010dten\u00ed\" \/>\n\t<meta name=\"twitter:data1\" content=\"4 minuty\" \/>\n<script type=\"application\/ld+json\" class=\"yoast-schema-graph\">{\"@context\":\"https:\/\/schema.org\",\"@graph\":[{\"@type\":\"WebPage\",\"@id\":\"https:\/\/www.voltaneo.com\/cs\/poli\/\",\"url\":\"https:\/\/www.voltaneo.com\/cs\/poli\/\",\"name\":\"Z\u00e1sady ochrany osobn\u00edch \u00fadaj\u016f t\u00fdkaj\u00edc\u00ed - Voltaneo\",\"isPartOf\":{\"@id\":\"https:\/\/www.voltaneo.com\/cs\/#website\"},\"datePublished\":\"2025-05-13T09:40:37+00:00\",\"dateModified\":\"2025-05-27T10:21:38+00:00\",\"breadcrumb\":{\"@id\":\"https:\/\/www.voltaneo.com\/cs\/poli\/#breadcrumb\"},\"inLanguage\":\"cs\",\"potentialAction\":[{\"@type\":\"ReadAction\",\"target\":[\"https:\/\/www.voltaneo.com\/cs\/poli\/\"]}]},{\"@type\":\"BreadcrumbList\",\"@id\":\"https:\/\/www.voltaneo.com\/cs\/poli\/#breadcrumb\",\"itemListElement\":[{\"@type\":\"ListItem\",\"position\":1,\"name\":\"Home\",\"item\":\"https:\/\/www.voltaneo.com\/cs\/\"},{\"@type\":\"ListItem\",\"position\":2,\"name\":\"Z\u00e1sady ochrany osobn\u00edch \u00fadaj\u016f t\u00fdkaj\u00edc\u00ed\"}]},{\"@type\":\"WebSite\",\"@id\":\"https:\/\/www.voltaneo.com\/cs\/#website\",\"url\":\"https:\/\/www.voltaneo.com\/cs\/\",\"name\":\"Voltaneo\",\"description\":\"Distributeur de solutions en \u00e9nergies renouvelables\",\"potentialAction\":[{\"@type\":\"SearchAction\",\"target\":{\"@type\":\"EntryPoint\",\"urlTemplate\":\"https:\/\/www.voltaneo.com\/cs\/?s={search_term_string}\"},\"query-input\":{\"@type\":\"PropertyValueSpecification\",\"valueRequired\":true,\"valueName\":\"search_term_string\"}}],\"inLanguage\":\"cs\"}]}<\/script>\n<!-- \/ Yoast SEO plugin. -->","yoast_head_json":{"title":"Z\u00e1sady ochrany osobn\u00edch \u00fadaj\u016f t\u00fdkaj\u00edc\u00ed - Voltaneo","robots":{"index":"index","follow":"follow","max-snippet":"max-snippet:-1","max-image-preview":"max-image-preview:large","max-video-preview":"max-video-preview:-1"},"canonical":"https:\/\/www.voltaneo.com\/cs\/poli\/","og_locale":"cs_CZ","og_type":"article","og_title":"Z\u00e1sady ochrany osobn\u00edch \u00fadaj\u016f t\u00fdkaj\u00edc\u00ed - Voltaneo","og_description":"[vc_row type=&#8220;in_container&#8220; full_screen_row_position=&#8220;middle&#8220; column_margin=&#8220;default&#8220; column_direction=&#8220;default&#8220; column_direction_tablet=&#8220;default&#8220; column_direction_phone=&#8220;default&#8220; scene_position=&#8220;center&#8220; text_color=&#8220;dark&#8220; text_align=&#8220;left&#8220; row_border_radius=&#8220;none&#8220; row_border_radius_applies=&#8220;bg&#8220; overflow=&#8220;visible&#8220; overlay_strength=&#8220;0.3&#8243; gradient_direction=&#8220;left_to_right&#8220; shape_divider_position=&#8220;bottom&#8220; bg_image_animation=&#8220;none&#8220;][vc_column column_padding=&#8220;no-extra-padding&#8220; column_padding_tablet=&#8220;inherit&#8220; column_padding_phone=&#8220;inherit&#8220; column_padding_position=&#8220;all&#8220; column_element_direction_desktop=&#8220;default&#8220; column_element_spacing=&#8220;default&#8220; desktop_text_alignment=&#8220;default&#8220; tablet_text_alignment=&#8220;default&#8220; phone_text_alignment=&#8220;default&#8220; background_color_opacity=&#8220;1&#8243; background_hover_color_opacity=&#8220;1&#8243; column_backdrop_filter=&#8220;none&#8220; column_shadow=&#8220;none&#8220;...","og_url":"https:\/\/www.voltaneo.com\/cs\/poli\/","og_site_name":"Voltaneo","article_modified_time":"2025-05-27T10:21:38+00:00","twitter_card":"summary_large_image","twitter_misc":{"Odhadovan\u00e1 doba \u010dten\u00ed":"4 minuty"},"schema":{"@context":"https:\/\/schema.org","@graph":[{"@type":"WebPage","@id":"https:\/\/www.voltaneo.com\/cs\/poli\/","url":"https:\/\/www.voltaneo.com\/cs\/poli\/","name":"Z\u00e1sady ochrany osobn\u00edch \u00fadaj\u016f t\u00fdkaj\u00edc\u00ed - Voltaneo","isPartOf":{"@id":"https:\/\/www.voltaneo.com\/cs\/#website"},"datePublished":"2025-05-13T09:40:37+00:00","dateModified":"2025-05-27T10:21:38+00:00","breadcrumb":{"@id":"https:\/\/www.voltaneo.com\/cs\/poli\/#breadcrumb"},"inLanguage":"cs","potentialAction":[{"@type":"ReadAction","target":["https:\/\/www.voltaneo.com\/cs\/poli\/"]}]},{"@type":"BreadcrumbList","@id":"https:\/\/www.voltaneo.com\/cs\/poli\/#breadcrumb","itemListElement":[{"@type":"ListItem","position":1,"name":"Home","item":"https:\/\/www.voltaneo.com\/cs\/"},{"@type":"ListItem","position":2,"name":"Z\u00e1sady ochrany osobn\u00edch \u00fadaj\u016f t\u00fdkaj\u00edc\u00ed"}]},{"@type":"WebSite","@id":"https:\/\/www.voltaneo.com\/cs\/#website","url":"https:\/\/www.voltaneo.com\/cs\/","name":"Voltaneo","description":"Distributeur de solutions en \u00e9nergies renouvelables","potentialAction":[{"@type":"SearchAction","target":{"@type":"EntryPoint","urlTemplate":"https:\/\/www.voltaneo.com\/cs\/?s={search_term_string}"},"query-input":{"@type":"PropertyValueSpecification","valueRequired":true,"valueName":"search_term_string"}}],"inLanguage":"cs"}]}},"_links":{"self":[{"href":"https:\/\/www.voltaneo.com\/cs\/wp-json\/wp\/v2\/pages\/816","targetHints":{"allow":["GET"]}}],"collection":[{"href":"https:\/\/www.voltaneo.com\/cs\/wp-json\/wp\/v2\/pages"}],"about":[{"href":"https:\/\/www.voltaneo.com\/cs\/wp-json\/wp\/v2\/types\/page"}],"author":[{"embeddable":true,"href":"https:\/\/www.voltaneo.com\/cs\/wp-json\/wp\/v2\/users\/1"}],"replies":[{"embeddable":true,"href":"https:\/\/www.voltaneo.com\/cs\/wp-json\/wp\/v2\/comments?post=816"}],"version-history":[{"count":1,"href":"https:\/\/www.voltaneo.com\/cs\/wp-json\/wp\/v2\/pages\/816\/revisions"}],"predecessor-version":[{"id":817,"href":"https:\/\/www.voltaneo.com\/cs\/wp-json\/wp\/v2\/pages\/816\/revisions\/817"}],"wp:attachment":[{"href":"https:\/\/www.voltaneo.com\/cs\/wp-json\/wp\/v2\/media?parent=816"}],"curies":[{"name":"wp","href":"https:\/\/api.w.org\/{rel}","templated":true}]}}