{"id":552,"date":"2025-05-15T15:51:36","date_gmt":"2025-05-15T13:51:36","guid":{"rendered":"https:\/\/voltaneo2025.numeria.dev\/candidature\/"},"modified":"2025-05-15T15:51:36","modified_gmt":"2025-05-15T13:51:36","slug":"candidature","status":"publish","type":"page","link":"https:\/\/www.voltaneo.com\/es\/candidature\/","title":{"rendered":"Candidature"},"content":{"rendered":"[vc_row type=\u00bbfull_width_background\u00bb full_screen_row_position=\u00bbmiddle\u00bb column_margin=\u00bbdefault\u00bb equal_height=\u00bbyes\u00bb content_placement=\u00bbmiddle\u00bb column_direction=\u00bbdefault\u00bb column_direction_tablet=\u00bbdefault\u00bb column_direction_phone=\u00bbdefault\u00bb bg_color=\u00bb#3c3c73&#8243; scene_position=\u00bbcenter\u00bb constrain_group_2=\u00bbyes\u00bb constrain_group_8=\u00bbyes\u00bb text_color=\u00bbdark\u00bb text_align=\u00bbleft\u00bb row_border_radius=\u00bbcustom\u00bb row_border_radius_applies=\u00bbboth\u00bb top_left_border_radius=\u00bb25&#8243; top_right_border_radius=\u00bb25&#8243; bottom_right_border_radius=\u00bb25&#8243; bottom_left_border_radius=\u00bb25&#8243; overflow=\u00bbvisible\u00bb class=\u00bbmw95 largerContainerbg\u00bb overlay_strength=\u00bb0.3&#8243; gradient_direction=\u00bbleft_to_right\u00bb shape_divider_position=\u00bbbottom\u00bb bg_image_animation=\u00bbnone\u00bb gradient_type=\u00bbdefault\u00bb shape_type=\u00bb\u00bb][vc_column top_padding_desktop=\u00bb50&#8243; bottom_padding_desktop=\u00bb50&#8243; left_padding_tablet=\u00bb20&#8243; right_padding_tablet=\u00bb20&#8243; column_element_direction_desktop=\u00bbdefault\u00bb column_element_spacing=\u00bbdefault\u00bb desktop_text_alignment=\u00bbdefault\u00bb tablet_text_alignment=\u00bbcenter\u00bb phone_text_alignment=\u00bbcenter\u00bb background_color_opacity=\u00bb1&#8243; background_hover_color_opacity=\u00bb1&#8243; column_backdrop_filter=\u00bbnone\u00bb font_color=\u00bb#ffffff\u00bb column_shadow=\u00bbnone\u00bb column_border_radius=\u00bbnone\u00bb column_link_target=\u00bb_self\u00bb column_position=\u00bbdefault\u00bb el_class=\u00bbcustomPadLeft\u00bb gradient_direction=\u00bbleft_to_right\u00bb overlay_strength=\u00bb0.3&#8243; width=\u00bb1\/2&#8243; tablet_width_inherit=\u00bbdefault\u00bb animation_type=\u00bbdefault\u00bb bg_image_animation=\u00bbnone\u00bb border_type=\u00bbsimple\u00bb column_border_width=\u00bbnone\u00bb column_border_style=\u00bbsolid\u00bb column_padding_type=\u00bbadvanced\u00bb gradient_type=\u00bbdefault\u00bb][vc_column_text css=\u00bb\u00bb text_direction=\u00bbdefault\u00bb]\n<h1>Postulez chez Voltaneo<\/h1>\n[\/vc_column_text][divider line_type=\u00bbNo Line\u00bb custom_height=\u00bb25&#8243;][vc_column_text css=\u00bb\u00bb text_direction=\u00bbdefault\u00bb]Distributeur fran\u00e7ais bas\u00e9 \u00e0 Clermont-Ferrand, cr\u00e9\u00e9 en 2017[\/vc_column_text][\/vc_column][vc_column column_padding=\u00bbno-extra-padding\u00bb column_padding_tablet=\u00bbinherit\u00bb column_padding_phone=\u00bbinherit\u00bb column_padding_position=\u00bball\u00bb column_element_direction_desktop=\u00bbdefault\u00bb column_element_spacing=\u00bbdefault\u00bb desktop_text_alignment=\u00bbdefault\u00bb tablet_text_alignment=\u00bbdefault\u00bb phone_text_alignment=\u00bbdefault\u00bb background_color_opacity=\u00bb1&#8243; background_hover_color_opacity=\u00bb1&#8243; column_backdrop_filter=\u00bbnone\u00bb column_shadow=\u00bbnone\u00bb column_border_radius=\u00bbnone\u00bb column_link_target=\u00bb_self\u00bb column_position=\u00bbdefault\u00bb el_class=\u00bbheaderImageCol\u00bb gradient_direction=\u00bbleft_to_right\u00bb overlay_strength=\u00bb0.3&#8243; width=\u00bb1\/2&#8243; tablet_width_inherit=\u00bbdefault\u00bb animation_type=\u00bbdefault\u00bb bg_image_animation=\u00bbnone\u00bb border_type=\u00bbsimple\u00bb column_border_width=\u00bbnone\u00bb column_border_style=\u00bbsolid\u00bb column_padding_type=\u00bbdefault\u00bb gradient_type=\u00bbdefault\u00bb][divider line_type=\u00bbNo Line\u00bb custom_height=\u00bb50&#8243; custom_height_tablet=\u00bb25&#8243;][image_with_animation image_url=\u00bb419&#8243; image_size=\u00bbfull\u00bb max_width=\u00bb100%\u00bb max_width_mobile=\u00bbdefault\u00bb animation_type=\u00bbentrance\u00bb animation=\u00bbNone\u00bb animation_movement_type=\u00bbtransform_y\u00bb hover_animation=\u00bbnone\u00bb alignment=\u00bbcenter\u00bb border_radius=\u00bbnone\u00bb box_shadow=\u00bbnone\u00bb image_loading=\u00bbdefault\u00bb][\/vc_column][\/vc_row][vc_row type=\u00bbin_container\u00bb full_screen_row_position=\u00bbmiddle\u00bb column_margin=\u00bbdefault\u00bb column_direction=\u00bbdefault\u00bb column_direction_tablet=\u00bbdefault\u00bb column_direction_phone=\u00bbdefault\u00bb scene_position=\u00bbcenter\u00bb top_padding=\u00bb100&#8243; constrain_group_1=\u00bbyes\u00bb bottom_padding=\u00bb100&#8243; text_color=\u00bbdark\u00bb text_align=\u00bbleft\u00bb row_border_radius=\u00bbnone\u00bb row_border_radius_applies=\u00bbbg\u00bb overflow=\u00bbvisible\u00bb overlay_strength=\u00bb0.3&#8243; gradient_direction=\u00bbleft_to_right\u00bb shape_divider_position=\u00bbbottom\u00bb bg_image_animation=\u00bbnone\u00bb gradient_type=\u00bbdefault\u00bb shape_type=\u00bb\u00bb][vc_column column_padding=\u00bbno-extra-padding\u00bb column_padding_tablet=\u00bbinherit\u00bb column_padding_phone=\u00bbinherit\u00bb column_padding_position=\u00bball\u00bb column_element_direction_desktop=\u00bbdefault\u00bb column_element_spacing=\u00bbdefault\u00bb desktop_text_alignment=\u00bbdefault\u00bb tablet_text_alignment=\u00bbdefault\u00bb phone_text_alignment=\u00bbdefault\u00bb background_color_opacity=\u00bb1&#8243; background_hover_color_opacity=\u00bb1&#8243; column_backdrop_filter=\u00bbnone\u00bb column_shadow=\u00bbnone\u00bb column_border_radius=\u00bbnone\u00bb column_link_target=\u00bb_self\u00bb column_position=\u00bbdefault\u00bb el_class=\u00bbcontact_form\u00bb gradient_direction=\u00bbleft_to_right\u00bb overlay_strength=\u00bb0.3&#8243; width=\u00bb1\/1&#8243; tablet_width_inherit=\u00bbdefault\u00bb animation_type=\u00bbdefault\u00bb bg_image_animation=\u00bbnone\u00bb border_type=\u00bbsimple\u00bb column_border_width=\u00bbnone\u00bb column_border_style=\u00bbsolid\u00bb column_padding_type=\u00bbdefault\u00bb gradient_type=\u00bbdefault\u00bb]\n<div class=\"wpcf7 no-js\" id=\"wpcf7-f458-o1\" lang=\"fr-FR\" dir=\"ltr\" data-wpcf7-id=\"458\">\n<div class=\"screen-reader-response\"><p role=\"status\" aria-live=\"polite\" aria-atomic=\"true\"><\/p> <ul><\/ul><\/div>\n<form action=\"\/es\/wp-json\/wp\/v2\/pages\/552#wpcf7-f458-o1\" method=\"post\" class=\"wpcf7-form init\" aria-label=\"Formulaire de contact\" enctype=\"multipart\/form-data\" novalidate=\"novalidate\" data-status=\"init\">\n<div style=\"display: none;\">\n<input type=\"hidden\" name=\"_wpcf7\" value=\"458\" \/>\n<input type=\"hidden\" name=\"_wpcf7_version\" value=\"6.0.6\" \/>\n<input type=\"hidden\" name=\"_wpcf7_locale\" value=\"fr_FR\" \/>\n<input type=\"hidden\" name=\"_wpcf7_unit_tag\" value=\"wpcf7-f458-o1\" \/>\n<input type=\"hidden\" name=\"_wpcf7_container_post\" value=\"0\" \/>\n<input type=\"hidden\" name=\"_wpcf7_posted_data_hash\" value=\"\" \/>\n<input type=\"hidden\" name=\"_wpcf7_recaptcha_response\" value=\"\" \/>\n<\/div>\n<div class=\"col-6\">\n\t<p><span class=\"wpcf7-form-control-wrap\" data-name=\"firstname\"><input size=\"40\" maxlength=\"400\" class=\"wpcf7-form-control wpcf7-text wpcf7-validates-as-required\" aria-required=\"true\" aria-invalid=\"false\" placeholder=\"Pr\u00e9nom *\" value=\"\" type=\"text\" name=\"firstname\" \/><\/span>\n\t<\/p>\n<\/div>\n<div class=\"col-6\">\n\t<p><span class=\"wpcf7-form-control-wrap\" data-name=\"lastname\"><input size=\"40\" maxlength=\"400\" class=\"wpcf7-form-control wpcf7-text wpcf7-validates-as-required\" aria-required=\"true\" aria-invalid=\"false\" placeholder=\"Nom *\" value=\"\" type=\"text\" name=\"lastname\" \/><\/span>\n\t<\/p>\n<\/div>\n<div class=\"col-6\">\n\t<p><span class=\"wpcf7-form-control-wrap\" data-name=\"your-email\"><input size=\"40\" maxlength=\"400\" class=\"wpcf7-form-control wpcf7-email wpcf7-validates-as-required wpcf7-text wpcf7-validates-as-email\" aria-required=\"true\" aria-invalid=\"false\" placeholder=\"Email *\" value=\"\" type=\"email\" name=\"your-email\" \/><\/span>\n\t<\/p>\n<\/div>\n<div class=\"col-6\">\n\t<p><span class=\"wpcf7-form-control-wrap\" data-name=\"phone\"><input size=\"40\" maxlength=\"400\" class=\"wpcf7-form-control wpcf7-text wpcf7-validates-as-required\" aria-required=\"true\" aria-invalid=\"false\" placeholder=\"T\u00e9l\u00e9phone *\" value=\"\" type=\"text\" name=\"phone\" \/><\/span>\n\t<\/p>\n<\/div>\n<div class=\"col-12\">\n\t<p><span class=\"wpcf7-form-control-wrap\" data-name=\"poste\"><input size=\"40\" maxlength=\"400\" class=\"wpcf7-form-control wpcf7-text wpcf7-validates-as-required\" aria-required=\"true\" aria-invalid=\"false\" placeholder=\"Poste concern\u00e9 par votre candidature *\" value=\"\" type=\"text\" name=\"poste\" \/><\/span>\n\t<\/p>\n<\/div>\n<div class=\"col-12\">\n\t<p><span class=\"wpcf7-form-control-wrap\" data-name=\"your-message\"><textarea cols=\"10\" rows=\"3\" maxlength=\"2000\" class=\"wpcf7-form-control wpcf7-textarea wpcf7-validates-as-required\" aria-required=\"true\" aria-invalid=\"false\" placeholder=\"Message\" name=\"your-message\"><\/textarea><\/span>\n\t<\/p>\n<\/div>\n<div class=\"col-12\">\n\t<p><label>Votre CV*<\/label><br \/>\n<span class=\"wpcf7-form-control-wrap\" data-name=\"CV\"><input size=\"40\" class=\"wpcf7-form-control wpcf7-file wpcf7-validates-as-required\" accept=\"application\/pdf,image\/*\" aria-required=\"true\" aria-invalid=\"false\" type=\"file\" name=\"CV\" \/><\/span>\n\t<\/p>\n<\/div>\n<div class=\"col-12\">\n\t<p><span class=\"wpcf7-form-control-wrap\" data-name=\"accepter\"><span class=\"wpcf7-form-control wpcf7-acceptance\"><span class=\"wpcf7-list-item\"><label><input type=\"checkbox\" name=\"accepter\" value=\"1\" aria-invalid=\"false\" \/><span class=\"wpcf7-list-item-label\">En soumettant ce formulaire, j'accepte que les informations saisies soient exploit\u00e9es par la soci\u00e9t\u00e9. *<\/span><\/label><\/span><\/span><\/span>\n\t<\/p>\n<\/div>\n<p><input class=\"wpcf7-form-control wpcf7-submit has-spinner nectar-button\" type=\"submit\" value=\"Envoyer\" \/>\n<\/p><div class=\"wpcf7-response-output\" aria-hidden=\"true\"><\/div>\n<\/form>\n<\/div>\n[\/vc_column][\/vc_row]","protected":false},"excerpt":{"rendered":"<p>[vc_row type=\u00bbfull_width_background\u00bb full_screen_row_position=\u00bbmiddle\u00bb column_margin=\u00bbdefault\u00bb equal_height=\u00bbyes\u00bb content_placement=\u00bbmiddle\u00bb column_direction=\u00bbdefault\u00bb column_direction_tablet=\u00bbdefault\u00bb column_direction_phone=\u00bbdefault\u00bb bg_color=\u00bb#3c3c73&#8243; scene_position=\u00bbcenter\u00bb constrain_group_2=\u00bbyes\u00bb constrain_group_8=\u00bbyes\u00bb text_color=\u00bbdark\u00bb text_align=\u00bbleft\u00bb row_border_radius=\u00bbcustom\u00bb row_border_radius_applies=\u00bbboth\u00bb top_left_border_radius=\u00bb25&#8243; top_right_border_radius=\u00bb25&#8243; bottom_right_border_radius=\u00bb25&#8243; bottom_left_border_radius=\u00bb25&#8243; overflow=\u00bbvisible\u00bb class=\u00bbmw95 largerContainerbg\u00bb overlay_strength=\u00bb0.3&#8243; gradient_direction=\u00bbleft_to_right\u00bb shape_divider_position=\u00bbbottom\u00bb bg_image_animation=\u00bbnone\u00bb gradient_type=\u00bbdefault\u00bb shape_type=\u00bb\u00bb][vc_column&#8230;<\/p>","protected":false},"author":1,"featured_media":0,"parent":0,"menu_order":0,"comment_status":"closed","ping_status":"open","template":"","meta":{"inline_featured_image":false,"footnotes":""},"class_list":["post-552","page","type-page","status-publish"],"yoast_head":"<!-- This site is optimized with the Yoast SEO plugin v25.3 - https:\/\/yoast.com\/wordpress\/plugins\/seo\/ -->\n<title>Candidature - Voltaneo<\/title>\n<meta name=\"robots\" content=\"index, follow, max-snippet:-1, max-image-preview:large, max-video-preview:-1\" \/>\n<link rel=\"canonical\" href=\"https:\/\/www.voltaneo.com\/es\/candidature\/\" \/>\n<meta property=\"og:locale\" content=\"es_ES\" \/>\n<meta property=\"og:type\" content=\"article\" \/>\n<meta property=\"og:title\" content=\"Candidature - Voltaneo\" \/>\n<meta property=\"og:description\" content=\"[vc_row type=\u00bbfull_width_background\u00bb full_screen_row_position=\u00bbmiddle\u00bb column_margin=\u00bbdefault\u00bb equal_height=\u00bbyes\u00bb content_placement=\u00bbmiddle\u00bb column_direction=\u00bbdefault\u00bb column_direction_tablet=\u00bbdefault\u00bb column_direction_phone=\u00bbdefault\u00bb bg_color=\u00bb#3c3c73&#8243; scene_position=\u00bbcenter\u00bb constrain_group_2=\u00bbyes\u00bb constrain_group_8=\u00bbyes\u00bb text_color=\u00bbdark\u00bb text_align=\u00bbleft\u00bb row_border_radius=\u00bbcustom\u00bb row_border_radius_applies=\u00bbboth\u00bb top_left_border_radius=\u00bb25&#8243; top_right_border_radius=\u00bb25&#8243; bottom_right_border_radius=\u00bb25&#8243; bottom_left_border_radius=\u00bb25&#8243; overflow=\u00bbvisible\u00bb class=\u00bbmw95 largerContainerbg\u00bb overlay_strength=\u00bb0.3&#8243; gradient_direction=\u00bbleft_to_right\u00bb shape_divider_position=\u00bbbottom\u00bb bg_image_animation=\u00bbnone\u00bb gradient_type=\u00bbdefault\u00bb shape_type=\u00bb\u00bb][vc_column...\" \/>\n<meta property=\"og:url\" content=\"https:\/\/www.voltaneo.com\/es\/candidature\/\" \/>\n<meta property=\"og:site_name\" content=\"Voltaneo\" \/>\n<meta name=\"twitter:card\" content=\"summary_large_image\" \/>\n<meta name=\"twitter:label1\" content=\"Tiempo de lectura\" \/>\n\t<meta name=\"twitter:data1\" content=\"1 minuto\" \/>\n<script type=\"application\/ld+json\" class=\"yoast-schema-graph\">{\"@context\":\"https:\/\/schema.org\",\"@graph\":[{\"@type\":\"WebPage\",\"@id\":\"https:\/\/www.voltaneo.com\/es\/candidature\/\",\"url\":\"https:\/\/www.voltaneo.com\/es\/candidature\/\",\"name\":\"Candidature - Voltaneo\",\"isPartOf\":{\"@id\":\"https:\/\/www.voltaneo.com\/es\/#website\"},\"datePublished\":\"2025-05-15T13:51:36+00:00\",\"breadcrumb\":{\"@id\":\"https:\/\/www.voltaneo.com\/es\/candidature\/#breadcrumb\"},\"inLanguage\":\"es\",\"potentialAction\":[{\"@type\":\"ReadAction\",\"target\":[\"https:\/\/www.voltaneo.com\/es\/candidature\/\"]}]},{\"@type\":\"BreadcrumbList\",\"@id\":\"https:\/\/www.voltaneo.com\/es\/candidature\/#breadcrumb\",\"itemListElement\":[{\"@type\":\"ListItem\",\"position\":1,\"name\":\"Home\",\"item\":\"https:\/\/www.voltaneo.com\/es\/\"},{\"@type\":\"ListItem\",\"position\":2,\"name\":\"Candidature\"}]},{\"@type\":\"WebSite\",\"@id\":\"https:\/\/www.voltaneo.com\/es\/#website\",\"url\":\"https:\/\/www.voltaneo.com\/es\/\",\"name\":\"Voltaneo\",\"description\":\"Distributeur de solutions en \u00e9nergies renouvelables\",\"potentialAction\":[{\"@type\":\"SearchAction\",\"target\":{\"@type\":\"EntryPoint\",\"urlTemplate\":\"https:\/\/www.voltaneo.com\/es\/?s={search_term_string}\"},\"query-input\":{\"@type\":\"PropertyValueSpecification\",\"valueRequired\":true,\"valueName\":\"search_term_string\"}}],\"inLanguage\":\"es\"}]}<\/script>\n<!-- \/ Yoast SEO plugin. -->","yoast_head_json":{"title":"Candidature - Voltaneo","robots":{"index":"index","follow":"follow","max-snippet":"max-snippet:-1","max-image-preview":"max-image-preview:large","max-video-preview":"max-video-preview:-1"},"canonical":"https:\/\/www.voltaneo.com\/es\/candidature\/","og_locale":"es_ES","og_type":"article","og_title":"Candidature - Voltaneo","og_description":"[vc_row type=\u00bbfull_width_background\u00bb full_screen_row_position=\u00bbmiddle\u00bb column_margin=\u00bbdefault\u00bb equal_height=\u00bbyes\u00bb content_placement=\u00bbmiddle\u00bb column_direction=\u00bbdefault\u00bb column_direction_tablet=\u00bbdefault\u00bb column_direction_phone=\u00bbdefault\u00bb bg_color=\u00bb#3c3c73&#8243; scene_position=\u00bbcenter\u00bb constrain_group_2=\u00bbyes\u00bb constrain_group_8=\u00bbyes\u00bb text_color=\u00bbdark\u00bb text_align=\u00bbleft\u00bb row_border_radius=\u00bbcustom\u00bb row_border_radius_applies=\u00bbboth\u00bb top_left_border_radius=\u00bb25&#8243; top_right_border_radius=\u00bb25&#8243; bottom_right_border_radius=\u00bb25&#8243; bottom_left_border_radius=\u00bb25&#8243; overflow=\u00bbvisible\u00bb class=\u00bbmw95 largerContainerbg\u00bb overlay_strength=\u00bb0.3&#8243; gradient_direction=\u00bbleft_to_right\u00bb shape_divider_position=\u00bbbottom\u00bb bg_image_animation=\u00bbnone\u00bb gradient_type=\u00bbdefault\u00bb shape_type=\u00bb\u00bb][vc_column...","og_url":"https:\/\/www.voltaneo.com\/es\/candidature\/","og_site_name":"Voltaneo","twitter_card":"summary_large_image","twitter_misc":{"Tiempo de lectura":"1 minuto"},"schema":{"@context":"https:\/\/schema.org","@graph":[{"@type":"WebPage","@id":"https:\/\/www.voltaneo.com\/es\/candidature\/","url":"https:\/\/www.voltaneo.com\/es\/candidature\/","name":"Candidature - Voltaneo","isPartOf":{"@id":"https:\/\/www.voltaneo.com\/es\/#website"},"datePublished":"2025-05-15T13:51:36+00:00","breadcrumb":{"@id":"https:\/\/www.voltaneo.com\/es\/candidature\/#breadcrumb"},"inLanguage":"es","potentialAction":[{"@type":"ReadAction","target":["https:\/\/www.voltaneo.com\/es\/candidature\/"]}]},{"@type":"BreadcrumbList","@id":"https:\/\/www.voltaneo.com\/es\/candidature\/#breadcrumb","itemListElement":[{"@type":"ListItem","position":1,"name":"Home","item":"https:\/\/www.voltaneo.com\/es\/"},{"@type":"ListItem","position":2,"name":"Candidature"}]},{"@type":"WebSite","@id":"https:\/\/www.voltaneo.com\/es\/#website","url":"https:\/\/www.voltaneo.com\/es\/","name":"Voltaneo","description":"Distributeur de solutions en \u00e9nergies renouvelables","potentialAction":[{"@type":"SearchAction","target":{"@type":"EntryPoint","urlTemplate":"https:\/\/www.voltaneo.com\/es\/?s={search_term_string}"},"query-input":{"@type":"PropertyValueSpecification","valueRequired":true,"valueName":"search_term_string"}}],"inLanguage":"es"}]}},"_links":{"self":[{"href":"https:\/\/www.voltaneo.com\/es\/wp-json\/wp\/v2\/pages\/552","targetHints":{"allow":["GET"]}}],"collection":[{"href":"https:\/\/www.voltaneo.com\/es\/wp-json\/wp\/v2\/pages"}],"about":[{"href":"https:\/\/www.voltaneo.com\/es\/wp-json\/wp\/v2\/types\/page"}],"author":[{"embeddable":true,"href":"https:\/\/www.voltaneo.com\/es\/wp-json\/wp\/v2\/users\/1"}],"replies":[{"embeddable":true,"href":"https:\/\/www.voltaneo.com\/es\/wp-json\/wp\/v2\/comments?post=552"}],"version-history":[{"count":0,"href":"https:\/\/www.voltaneo.com\/es\/wp-json\/wp\/v2\/pages\/552\/revisions"}],"wp:attachment":[{"href":"https:\/\/www.voltaneo.com\/es\/wp-json\/wp\/v2\/media?parent=552"}],"curies":[{"name":"wp","href":"https:\/\/api.w.org\/{rel}","templated":true}]}}