{"id":563,"date":"2025-05-15T09:20:38","date_gmt":"2025-05-15T07:20:38","guid":{"rendered":"https:\/\/voltaneo2025.numeria.dev\/cookies\/"},"modified":"2025-06-02T11:01:34","modified_gmt":"2025-06-02T09:01:34","slug":"cookies","status":"publish","type":"page","link":"https:\/\/www.voltaneo.com\/es\/cookies\/","title":{"rendered":"POL\u00cdTICA DE COOKIES"},"content":{"rendered":"[vc_row type=\u00bbin_container\u00bb full_screen_row_position=\u00bbmiddle\u00bb column_margin=\u00bbdefault\u00bb column_direction=\u00bbdefault\u00bb column_direction_tablet=\u00bbdefault\u00bb column_direction_phone=\u00bbdefault\u00bb scene_position=\u00bbcenter\u00bb text_color=\u00bbdark\u00bb text_align=\u00bbleft\u00bb row_border_radius=\u00bbnone\u00bb row_border_radius_applies=\u00bbbg\u00bb overflow=\u00bbvisible\u00bb overlay_strength=\u00bb0.3&#8243; gradient_direction=\u00bbleft_to_right\u00bb shape_divider_position=\u00bbbottom\u00bb bg_image_animation=\u00bbnone\u00bb][vc_column column_padding=\u00bbno-extra-padding\u00bb column_padding_tablet=\u00bbinherit\u00bb column_padding_phone=\u00bbinherit\u00bb column_padding_position=\u00bball\u00bb column_element_direction_desktop=\u00bbdefault\u00bb column_element_spacing=\u00bbdefault\u00bb desktop_text_alignment=\u00bbdefault\u00bb tablet_text_alignment=\u00bbdefault\u00bb phone_text_alignment=\u00bbdefault\u00bb background_color_opacity=\u00bb1&#8243; background_hover_color_opacity=\u00bb1&#8243; column_backdrop_filter=\u00bbnone\u00bb column_shadow=\u00bbnone\u00bb column_border_radius=\u00bbnone\u00bb column_link_target=\u00bb_self\u00bb column_position=\u00bbdefault\u00bb gradient_direction=\u00bbleft_to_right\u00bb overlay_strength=\u00bb0.3&#8243; width=\u00bb1\/1&#8243; tablet_width_inherit=\u00bbdefault\u00bb animation_type=\u00bbdefault\u00bb bg_image_animation=\u00bbnone\u00bb border_type=\u00bbsimple\u00bb column_border_width=\u00bbnone\u00bb column_border_style=\u00bbsolid\u00bb][vc_column_text css=\u00bb\u00bb text_direction=\u00bbdefault\u00bb]<strong>POL\u00cdTICA DE COOKIES<\/strong><\/p>\n<p>Al conectarte por primera vez al Sitio, ser\u00e1s informado mediante un banner en la parte inferior de tu pantalla que se pueden registrar datos relacionados con tu navegaci\u00f3n en archivos llamados \u00abcookies\u00bb. Nuestra pol\u00edtica de uso de cookies te permite comprender mejor las disposiciones que implementamos en t\u00e9rminos de navegaci\u00f3n en nuestro sitio web. Te informa especialmente sobre todas las cookies presentes en nuestro sitio web, su finalidad (parte I.) y te proporciona los pasos a seguir para configurarlas (parte II.).<\/p>\n<p><strong>1. Informaci\u00f3n general sobre las cookies presentes en el Sitio<\/strong><br \/>\nEl Propietario del Sitio, como editor del presente sitio web, podr\u00e1 proceder a la implantaci\u00f3n de una cookie en el disco duro de tu terminal (ordenador, tableta, m\u00f3vil, etc.) para garantizar una navegaci\u00f3n fluida y \u00f3ptima en nuestro sitio web.<br \/>\nLas \u00abcookies\u00bb (o testigos de conexi\u00f3n) son peque\u00f1os archivos de texto de tama\u00f1o limitado que nos permiten reconocer tu ordenador, tableta o m\u00f3vil con el fin de personalizar los servicios que te ofrecemos.<\/p>\n<p>La informaci\u00f3n recopilada a trav\u00e9s de las cookies no permite en ning\u00fan caso identificarte nominalmente. Se utiliza exclusivamente para nuestras propias necesidades con el fin de mejorar la interactividad y el rendimiento de nuestro sitio web y para enviarte contenidos adaptados a tus intereses. Ninguna de esta informaci\u00f3n se comunica a terceros, excepto cuando el Propietario del Sitio ha obtenido previamente tu consentimiento o cuando la divulgaci\u00f3n de esta informaci\u00f3n es requerida por la ley, por orden de un tribunal o cualquier autoridad administrativa o judicial competente.<\/p>\n<p>Para aclararte mejor sobre la informaci\u00f3n que las cookies identifican, encontrar\u00e1s a continuaci\u00f3n una tabla que enumera los diferentes tipos de cookies que pueden ser utilizados en el Sitio, su nombre, su finalidad y su duraci\u00f3n de conservaci\u00f3n.<\/p>\n<p><strong>2. Configuraci\u00f3n de tus preferencias sobre las cookies<\/strong><br \/>\nPuedes aceptar o rechazar el dep\u00f3sito de cookies en cualquier momento.<br \/>\nAl conectarte por primera vez al Sitio, aparece un banner en la parte inferior de tu pantalla que presenta brevemente informaci\u00f3n sobre el dep\u00f3sito de cookies y tecnolog\u00edas similares. Este banner te informa que al continuar tu navegaci\u00f3n en el Sitio (cargando una nueva p\u00e1gina o haciendo clic en varios elementos del sitio, por ejemplo), aceptas el dep\u00f3sito de cookies en tu terminal. Tambi\u00e9n se considera que has dado tu consentimiento al dep\u00f3sito de cookies al hacer clic en el icono \u00abX\u00bb a la derecha del banner en la parte inferior de tu pantalla.<\/p>\n<p>Seg\u00fan el tipo de cookie en cuesti\u00f3n, puede ser necesario obtener tu consentimiento para el dep\u00f3sito y la lectura de cookies en tu terminal.<\/p>\n<p>a. Las cookies exentas de consentimiento<br \/>\nDe acuerdo con las recomendaciones de la Comisi\u00f3n Nacional de Inform\u00e1tica y Libertades (CNIL), algunas cookies est\u00e1n exentas de la obtenci\u00f3n previa de tu consentimiento en la medida en que son estrictamente necesarias para el funcionamiento del sitio web o tienen como finalidad exclusiva permitir o facilitar la comunicaci\u00f3n por v\u00eda electr\u00f3nica. Esto incluye cookies de identificaci\u00f3n de sesi\u00f3n, autenticaci\u00f3n, sesi\u00f3n de balanceo de carga y cookies de personalizaci\u00f3n de tu interfaz. Estas cookies est\u00e1n completamente sujetas a la presente pol\u00edtica en la medida en que son emitidas y gestionadas por el Propietario del Sitio.<\/p>\n<p>b. Las cookies que requieren la obtenci\u00f3n previa de tu consentimiento<br \/>\nEsta exigencia se refiere a las cookies emitidas por terceros y que se califican como \u00abpersistentes\u00bb en la medida en que permanecen en tu terminal hasta su eliminaci\u00f3n o su fecha de expiraci\u00f3n.<\/p>\n<p>Dado que estas cookies son emitidas por terceros, su uso y dep\u00f3sito est\u00e1n sujetos a sus propias pol\u00edticas de privacidad, cuyo enlace encontrar\u00e1s a continuaci\u00f3n. Esta familia de cookies incluye cookies de medici\u00f3n de audiencia (especialmente Google Analytics), cookies publicitarias (a las que el Propietario del Sitio no recurre) y cookies de compartici\u00f3n en redes sociales (especialmente de Facebook, YouTube, Twitter y LinkedIn).<\/p>\n<p>Las cookies de medici\u00f3n de audiencia establecen estad\u00edsticas sobre la frecuencia y el uso de varios elementos del sitio web (como los contenidos\/p\u00e1ginas que has visitado). Estos datos contribuyen a la mejora de la ergonom\u00eda del Sitio.<br \/>\nSe utiliza una herramienta de medici\u00f3n de audiencia en el presente sitio web:<br \/>\nGoogle Analytics, cuya pol\u00edtica de privacidad est\u00e1 disponible (solo en ingl\u00e9s) en el siguiente enlace: [www.policies.google.com\/privacy?hl=fr-CA](http:\/\/www.policies.google.com\/privacy?hl=fr-CA)<\/p>\n<p>Las cookies de compartici\u00f3n en redes sociales son emitidas y gestionadas por el editor de la red social correspondiente. Sujeto a tu consentimiento, estas cookies te permiten compartir f\u00e1cilmente parte del contenido publicado en el Sitio, especialmente a trav\u00e9s de un \u00abbot\u00f3n\u00bb de aplicaci\u00f3n de compartici\u00f3n seg\u00fan la red social correspondiente.<\/p>\n<p>Cuatro tipos de cookies de compartici\u00f3n en redes sociales pueden estar presentes en el Sitio:<\/p>\n<p>Facebook, cuya pol\u00edtica de cookies puedes consultar haciendo clic en el siguiente enlace: fr-fr.facebook.com\/policies\/cookies\/<\/p>\n<p>LinkedIn, cuya pol\u00edtica de cookies puedes consultar haciendo clic en el siguiente enlace: [www.linkedin.com\/legal\/cookie-policy?_l=fr_FR](http:\/\/www.linkedin.com\/legal\/cookie-policy?_l=fr_FR)<\/p>\n<p>Twitter, cuyas opciones dedicadas al control o restricci\u00f3n del uso de cookies y la pol\u00edtica de uso de cookies puedes consultar en el siguiente enlace: support.twitter.com\/articles\/20170518#<\/p>\n<p>YouTube, cuya ayuda necesaria para eliminar las cookies desde el navegador Google Chrome puedes consultar haciendo clic en el siguiente enlace: support.google.com\/youtube\/answer\/32050?hl=fr y tambi\u00e9n la pol\u00edtica completa de cookies en el siguiente enlace: [www.google.fr\/intl\/fr\/policies\/technologies\/cookies\/](http:\/\/www.google.fr\/intl\/fr\/policies\/technologies\/cookies\/)<\/p>\n<p>c. Dispones de varias herramientas para configurar las cookies<br \/>\nLa mayor\u00eda de los navegadores de Internet est\u00e1n configurados por defecto para permitir el dep\u00f3sito de cookies. Tu navegador te ofrece la oportunidad de modificar estos par\u00e1metros est\u00e1ndar para que todas las cookies sean rechazadas sistem\u00e1ticamente o para que solo se acepten o rechacen algunas cookies seg\u00fan su emisor.<\/p>\n<p>ATENCI\u00d3N: Te advertimos que el rechazo del dep\u00f3sito de cookies en tu terminal puede afectar tu experiencia de usuario y tu acceso a ciertos servicios o funcionalidades del presente Sitio. En tal caso, el Propietario del Sitio declina toda responsabilidad por las consecuencias relacionadas con la degradaci\u00f3n de tus condiciones de navegaci\u00f3n que ocurren debido a tu elecci\u00f3n de rechazar, eliminar o bloquear las cookies necesarias para el funcionamiento del sitio. Estas consecuencias no constituyen un da\u00f1o y no podr\u00e1s reclamar ninguna indemnizaci\u00f3n por ello.<\/p>\n<p>Tu navegador tambi\u00e9n te permite eliminar las cookies existentes en tu terminal o avisarte cuando se puedan depositar nuevas cookies en tu terminal. Estos ajustes no afectan tu navegaci\u00f3n pero te hacen perder todos los beneficios aportados por la cookie.<\/p>\n<p>A continuaci\u00f3n, encontrar\u00e1s las m\u00faltiples herramientas disponibles para que puedas configurar las cookies depositadas en tu terminal.<\/p>\n<p><strong>d. Configuraci\u00f3n de tu navegador de Internet<\/strong><br \/>\nCada navegador de Internet ofrece sus propios par\u00e1metros de gesti\u00f3n de cookies. Para saber c\u00f3mo modificar tus preferencias en cuanto a cookies, encontrar\u00e1s a continuaci\u00f3n los enlaces a la ayuda necesaria para acceder al men\u00fa de tu navegador previsto para ello:<br \/>\nChrome: support.google.com\/chrome\/answer\/95647?hl=fr<\/p>\n<p>Firefox: support.mozilla.org\/fr\/kb\/activer-desactiver-cookies<\/p>\n<p>Internet Explorer: support.microsoft.com\/fr-fr\/help\/17442\/windows-internet-explorer-delete-manage-cookies#ie=ie-11<\/p>\n<p>Opera: help.opera.com\/Windows\/10.20\/fr\/cookies.html<\/p>\n<p>Safari: support.apple.com\/kb\/PH21411?viewlocale=fr_FR&amp;locale=fr_FR<\/p>\n<p>Para obtener m\u00e1s informaci\u00f3n sobre las herramientas de control de cookies, puedes consultar el sitio web de la CNIL: [www.cnil.fr\/fr\/cookies-les-outils-pour-les-maitriser](http:\/\/www.cnil.fr\/fr\/cookies-les-outils-pour-les-maitriser).<\/p>\n<p>Para cualquier pregunta o solicitud de informaci\u00f3n adicional sobre la presente pol\u00edtica de cookies, por favor cont\u00e1ctanos a trav\u00e9s de nuestro formulario de contacto.[\/vc_column_text][\/vc_column][\/vc_row]","protected":false},"excerpt":{"rendered":"<p>[vc_row type=\u00bbin_container\u00bb full_screen_row_position=\u00bbmiddle\u00bb column_margin=\u00bbdefault\u00bb column_direction=\u00bbdefault\u00bb column_direction_tablet=\u00bbdefault\u00bb column_direction_phone=\u00bbdefault\u00bb scene_position=\u00bbcenter\u00bb text_color=\u00bbdark\u00bb text_align=\u00bbleft\u00bb row_border_radius=\u00bbnone\u00bb row_border_radius_applies=\u00bbbg\u00bb overflow=\u00bbvisible\u00bb overlay_strength=\u00bb0.3&#8243; gradient_direction=\u00bbleft_to_right\u00bb shape_divider_position=\u00bbbottom\u00bb bg_image_animation=\u00bbnone\u00bb][vc_column column_padding=\u00bbno-extra-padding\u00bb column_padding_tablet=\u00bbinherit\u00bb column_padding_phone=\u00bbinherit\u00bb column_padding_position=\u00bball\u00bb column_element_direction_desktop=\u00bbdefault\u00bb column_element_spacing=\u00bbdefault\u00bb desktop_text_alignment=\u00bbdefault\u00bb tablet_text_alignment=\u00bbdefault\u00bb phone_text_alignment=\u00bbdefault\u00bb background_color_opacity=\u00bb1&#8243; background_hover_color_opacity=\u00bb1&#8243; column_backdrop_filter=\u00bbnone\u00bb column_shadow=\u00bbnone\u00bb&#8230;<\/p>","protected":false},"author":1,"featured_media":0,"parent":0,"menu_order":0,"comment_status":"closed","ping_status":"closed","template":"","meta":{"inline_featured_image":false,"footnotes":""},"class_list":["post-563","page","type-page","status-publish"],"yoast_head":"<!-- This site is optimized with the Yoast SEO plugin v25.3 - https:\/\/yoast.com\/wordpress\/plugins\/seo\/ -->\n<title>POL\u00cdTICA DE COOKIES - Voltaneo<\/title>\n<meta name=\"robots\" content=\"index, follow, max-snippet:-1, max-image-preview:large, max-video-preview:-1\" \/>\n<link rel=\"canonical\" href=\"https:\/\/www.voltaneo.com\/es\/cookies\/\" \/>\n<meta property=\"og:locale\" content=\"es_ES\" \/>\n<meta property=\"og:type\" content=\"article\" \/>\n<meta property=\"og:title\" content=\"POL\u00cdTICA DE COOKIES - Voltaneo\" \/>\n<meta property=\"og:description\" content=\"[vc_row type=\u00bbin_container\u00bb full_screen_row_position=\u00bbmiddle\u00bb column_margin=\u00bbdefault\u00bb column_direction=\u00bbdefault\u00bb column_direction_tablet=\u00bbdefault\u00bb column_direction_phone=\u00bbdefault\u00bb scene_position=\u00bbcenter\u00bb text_color=\u00bbdark\u00bb text_align=\u00bbleft\u00bb row_border_radius=\u00bbnone\u00bb row_border_radius_applies=\u00bbbg\u00bb overflow=\u00bbvisible\u00bb overlay_strength=\u00bb0.3&#8243; gradient_direction=\u00bbleft_to_right\u00bb shape_divider_position=\u00bbbottom\u00bb bg_image_animation=\u00bbnone\u00bb][vc_column column_padding=\u00bbno-extra-padding\u00bb column_padding_tablet=\u00bbinherit\u00bb column_padding_phone=\u00bbinherit\u00bb column_padding_position=\u00bball\u00bb column_element_direction_desktop=\u00bbdefault\u00bb column_element_spacing=\u00bbdefault\u00bb desktop_text_alignment=\u00bbdefault\u00bb tablet_text_alignment=\u00bbdefault\u00bb phone_text_alignment=\u00bbdefault\u00bb background_color_opacity=\u00bb1&#8243; background_hover_color_opacity=\u00bb1&#8243; column_backdrop_filter=\u00bbnone\u00bb column_shadow=\u00bbnone\u00bb...\" \/>\n<meta property=\"og:url\" content=\"https:\/\/www.voltaneo.com\/es\/cookies\/\" \/>\n<meta property=\"og:site_name\" content=\"Voltaneo\" \/>\n<meta property=\"article:modified_time\" content=\"2025-06-02T09:01:34+00:00\" \/>\n<meta name=\"twitter:card\" content=\"summary_large_image\" \/>\n<meta name=\"twitter:label1\" content=\"Tiempo de lectura\" \/>\n\t<meta name=\"twitter:data1\" content=\"7 minutos\" \/>\n<script type=\"application\/ld+json\" class=\"yoast-schema-graph\">{\"@context\":\"https:\/\/schema.org\",\"@graph\":[{\"@type\":\"WebPage\",\"@id\":\"https:\/\/www.voltaneo.com\/es\/cookies\/\",\"url\":\"https:\/\/www.voltaneo.com\/es\/cookies\/\",\"name\":\"POL\u00cdTICA DE COOKIES - Voltaneo\",\"isPartOf\":{\"@id\":\"https:\/\/www.voltaneo.com\/es\/#website\"},\"datePublished\":\"2025-05-15T07:20:38+00:00\",\"dateModified\":\"2025-06-02T09:01:34+00:00\",\"breadcrumb\":{\"@id\":\"https:\/\/www.voltaneo.com\/es\/cookies\/#breadcrumb\"},\"inLanguage\":\"es\",\"potentialAction\":[{\"@type\":\"ReadAction\",\"target\":[\"https:\/\/www.voltaneo.com\/es\/cookies\/\"]}]},{\"@type\":\"BreadcrumbList\",\"@id\":\"https:\/\/www.voltaneo.com\/es\/cookies\/#breadcrumb\",\"itemListElement\":[{\"@type\":\"ListItem\",\"position\":1,\"name\":\"Home\",\"item\":\"https:\/\/www.voltaneo.com\/es\/\"},{\"@type\":\"ListItem\",\"position\":2,\"name\":\"POL\u00cdTICA DE COOKIES\"}]},{\"@type\":\"WebSite\",\"@id\":\"https:\/\/www.voltaneo.com\/es\/#website\",\"url\":\"https:\/\/www.voltaneo.com\/es\/\",\"name\":\"Voltaneo\",\"description\":\"Distributeur de solutions en \u00e9nergies renouvelables\",\"potentialAction\":[{\"@type\":\"SearchAction\",\"target\":{\"@type\":\"EntryPoint\",\"urlTemplate\":\"https:\/\/www.voltaneo.com\/es\/?s={search_term_string}\"},\"query-input\":{\"@type\":\"PropertyValueSpecification\",\"valueRequired\":true,\"valueName\":\"search_term_string\"}}],\"inLanguage\":\"es\"}]}<\/script>\n<!-- \/ Yoast SEO plugin. -->","yoast_head_json":{"title":"POL\u00cdTICA DE COOKIES - Voltaneo","robots":{"index":"index","follow":"follow","max-snippet":"max-snippet:-1","max-image-preview":"max-image-preview:large","max-video-preview":"max-video-preview:-1"},"canonical":"https:\/\/www.voltaneo.com\/es\/cookies\/","og_locale":"es_ES","og_type":"article","og_title":"POL\u00cdTICA DE COOKIES - Voltaneo","og_description":"[vc_row type=\u00bbin_container\u00bb full_screen_row_position=\u00bbmiddle\u00bb column_margin=\u00bbdefault\u00bb column_direction=\u00bbdefault\u00bb column_direction_tablet=\u00bbdefault\u00bb column_direction_phone=\u00bbdefault\u00bb scene_position=\u00bbcenter\u00bb text_color=\u00bbdark\u00bb text_align=\u00bbleft\u00bb row_border_radius=\u00bbnone\u00bb row_border_radius_applies=\u00bbbg\u00bb overflow=\u00bbvisible\u00bb overlay_strength=\u00bb0.3&#8243; gradient_direction=\u00bbleft_to_right\u00bb shape_divider_position=\u00bbbottom\u00bb bg_image_animation=\u00bbnone\u00bb][vc_column column_padding=\u00bbno-extra-padding\u00bb column_padding_tablet=\u00bbinherit\u00bb column_padding_phone=\u00bbinherit\u00bb column_padding_position=\u00bball\u00bb column_element_direction_desktop=\u00bbdefault\u00bb column_element_spacing=\u00bbdefault\u00bb desktop_text_alignment=\u00bbdefault\u00bb tablet_text_alignment=\u00bbdefault\u00bb phone_text_alignment=\u00bbdefault\u00bb background_color_opacity=\u00bb1&#8243; background_hover_color_opacity=\u00bb1&#8243; column_backdrop_filter=\u00bbnone\u00bb column_shadow=\u00bbnone\u00bb...","og_url":"https:\/\/www.voltaneo.com\/es\/cookies\/","og_site_name":"Voltaneo","article_modified_time":"2025-06-02T09:01:34+00:00","twitter_card":"summary_large_image","twitter_misc":{"Tiempo de lectura":"7 minutos"},"schema":{"@context":"https:\/\/schema.org","@graph":[{"@type":"WebPage","@id":"https:\/\/www.voltaneo.com\/es\/cookies\/","url":"https:\/\/www.voltaneo.com\/es\/cookies\/","name":"POL\u00cdTICA DE COOKIES - Voltaneo","isPartOf":{"@id":"https:\/\/www.voltaneo.com\/es\/#website"},"datePublished":"2025-05-15T07:20:38+00:00","dateModified":"2025-06-02T09:01:34+00:00","breadcrumb":{"@id":"https:\/\/www.voltaneo.com\/es\/cookies\/#breadcrumb"},"inLanguage":"es","potentialAction":[{"@type":"ReadAction","target":["https:\/\/www.voltaneo.com\/es\/cookies\/"]}]},{"@type":"BreadcrumbList","@id":"https:\/\/www.voltaneo.com\/es\/cookies\/#breadcrumb","itemListElement":[{"@type":"ListItem","position":1,"name":"Home","item":"https:\/\/www.voltaneo.com\/es\/"},{"@type":"ListItem","position":2,"name":"POL\u00cdTICA DE COOKIES"}]},{"@type":"WebSite","@id":"https:\/\/www.voltaneo.com\/es\/#website","url":"https:\/\/www.voltaneo.com\/es\/","name":"Voltaneo","description":"Distributeur de solutions en \u00e9nergies renouvelables","potentialAction":[{"@type":"SearchAction","target":{"@type":"EntryPoint","urlTemplate":"https:\/\/www.voltaneo.com\/es\/?s={search_term_string}"},"query-input":{"@type":"PropertyValueSpecification","valueRequired":true,"valueName":"search_term_string"}}],"inLanguage":"es"}]}},"_links":{"self":[{"href":"https:\/\/www.voltaneo.com\/es\/wp-json\/wp\/v2\/pages\/563","targetHints":{"allow":["GET"]}}],"collection":[{"href":"https:\/\/www.voltaneo.com\/es\/wp-json\/wp\/v2\/pages"}],"about":[{"href":"https:\/\/www.voltaneo.com\/es\/wp-json\/wp\/v2\/types\/page"}],"author":[{"embeddable":true,"href":"https:\/\/www.voltaneo.com\/es\/wp-json\/wp\/v2\/users\/1"}],"replies":[{"embeddable":true,"href":"https:\/\/www.voltaneo.com\/es\/wp-json\/wp\/v2\/comments?post=563"}],"version-history":[{"count":3,"href":"https:\/\/www.voltaneo.com\/es\/wp-json\/wp\/v2\/pages\/563\/revisions"}],"predecessor-version":[{"id":945,"href":"https:\/\/www.voltaneo.com\/es\/wp-json\/wp\/v2\/pages\/563\/revisions\/945"}],"wp:attachment":[{"href":"https:\/\/www.voltaneo.com\/es\/wp-json\/wp\/v2\/media?parent=563"}],"curies":[{"name":"wp","href":"https:\/\/api.w.org\/{rel}","templated":true}]}}