{"id":940,"date":"2025-05-13T11:40:37","date_gmt":"2025-05-13T09:40:37","guid":{"rendered":"https:\/\/voltaneo2025.numeria.dev\/politique-de-confidentialite\/"},"modified":"2025-06-02T10:58:43","modified_gmt":"2025-06-02T08:58:43","slug":"politica-de-privacidad","status":"publish","type":"page","link":"https:\/\/www.voltaneo.com\/es\/politica-de-privacidad\/","title":{"rendered":"Pol\u00edtica de privacidad"},"content":{"rendered":"[vc_row type=\u00bbin_container\u00bb full_screen_row_position=\u00bbmiddle\u00bb column_margin=\u00bbdefault\u00bb column_direction=\u00bbdefault\u00bb column_direction_tablet=\u00bbdefault\u00bb column_direction_phone=\u00bbdefault\u00bb scene_position=\u00bbcenter\u00bb text_color=\u00bbdark\u00bb text_align=\u00bbleft\u00bb row_border_radius=\u00bbnone\u00bb row_border_radius_applies=\u00bbbg\u00bb overflow=\u00bbvisible\u00bb overlay_strength=\u00bb0.3&#8243; gradient_direction=\u00bbleft_to_right\u00bb shape_divider_position=\u00bbbottom\u00bb bg_image_animation=\u00bbnone\u00bb][vc_column column_padding=\u00bbno-extra-padding\u00bb column_padding_tablet=\u00bbinherit\u00bb column_padding_phone=\u00bbinherit\u00bb column_padding_position=\u00bball\u00bb column_element_direction_desktop=\u00bbdefault\u00bb column_element_spacing=\u00bbdefault\u00bb desktop_text_alignment=\u00bbdefault\u00bb tablet_text_alignment=\u00bbdefault\u00bb phone_text_alignment=\u00bbdefault\u00bb background_color_opacity=\u00bb1&#8243; background_hover_color_opacity=\u00bb1&#8243; column_backdrop_filter=\u00bbnone\u00bb column_shadow=\u00bbnone\u00bb column_border_radius=\u00bbnone\u00bb column_link_target=\u00bb_self\u00bb column_position=\u00bbdefault\u00bb gradient_direction=\u00bbleft_to_right\u00bb overlay_strength=\u00bb0.3&#8243; width=\u00bb1\/1&#8243; tablet_width_inherit=\u00bbdefault\u00bb animation_type=\u00bbdefault\u00bb bg_image_animation=\u00bbnone\u00bb border_type=\u00bbsimple\u00bb column_border_width=\u00bbnone\u00bb column_border_style=\u00bbsolid\u00bb][vc_column_text css=\u00bb\u00bb text_direction=\u00bbdefault\u00bb]\n<h1>Pol\u00edtica de privacidad del sitio [www.webshop.voltaneo.com](http:\/\/www.webshop.voltaneo.com)<\/h1>\n<p>La presente pol\u00edtica de privacidad define e informa sobre la manera en que el Propietario del Sitio utiliza y protege la informaci\u00f3n que el Usuario transmite, en su caso, cuando utiliza el Sitio accesible desde la URL siguiente: [www.webshop.voltaneo.com](http:\/\/www.webshop.voltaneo.com) (en adelante, el \u00abSitio\u00bb).<\/p>\n<p>Tenga en cuenta que esta pol\u00edtica de privacidad puede ser modificada o completada en cualquier momento, especialmente para cumplir con cualquier evoluci\u00f3n legislativa, reglamentaria, jurisprudencial o tecnol\u00f3gica. En tal caso, la fecha de su actualizaci\u00f3n ser\u00e1 claramente identificada al principio de esta pol\u00edtica. Estas modificaciones comprometen al Usuario desde su puesta en l\u00ednea. Por lo tanto, es conveniente que el Usuario consulte regularmente esta pol\u00edtica de privacidad y de uso de cookies para conocer sus posibles modificaciones.<\/p>\n<p><strong>I. Datos personales<\/strong><br \/>\nEn general, es posible visitar el Sitio sin comunicar ninguna informaci\u00f3n personal. En cualquier caso, no est\u00e1 obligado a transmitir esta informaci\u00f3n al Propietario del Sitio.<br \/>\nSin embargo, en caso de negativa, es posible que no pueda beneficiarse de cierta informaci\u00f3n o servicios que haya solicitado. A este respecto, el Propietario puede pedirle en algunos casos que proporcione su nombre, apellido, direcci\u00f3n postal, direcci\u00f3n de correo electr\u00f3nico, n\u00famero de tel\u00e9fono, empresa y funci\u00f3n y otra informaci\u00f3n que le concierna (en adelante, sus \u00abDatos Personales\u00bb). Al proporcionar esta informaci\u00f3n, acepta expresamente que sean tratadas por el Propietario del Sitio, para los fines indicados en el punto 2 a continuaci\u00f3n, as\u00ed como para los fines eventualmente recordados al final de cada formulario.<br \/>\nDe conformidad con el Reglamento General de Protecci\u00f3n de Datos (General Data Protection Regulation) adoptado por el Parlamento Europeo el 14 de abril de 2016, y con la Ley de Inform\u00e1tica y Libertades del 6 de enero de 1978 modificada, SOS GRPD le informa de los siguientes puntos:<\/p>\n<p><strong>1. Identidad del responsable del tratamiento<\/strong><br \/>\nEl responsable del tratamiento es el Propietario del Sitio cuyas coordenadas se indican en el Sitio.<\/p>\n<p><strong>2. Finalidades del tratamiento<\/strong><br \/>\nEl Propietario del Sitio puede tratar sus Datos Personales: (a) con el fin de proporcionarle la informaci\u00f3n o los servicios que haya solicitado (en particular: el env\u00edo del bolet\u00edn informativo, oferta comercial, libros blancos o la evaluaci\u00f3n de su nivel de conformidad a trav\u00e9s de un cuestionario); y\/o (b) con el fin de recopilar informaci\u00f3n que nos permita mejorar el Sitio, los productos y servicios (en particular, mediante cookies); y\/o (c) con el fin de poder contactarle sobre diferentes eventos relacionados con la relaci\u00f3n comercial, incluyendo en particular la actualizaci\u00f3n de productos y el soporte al cliente.<\/p>\n<p><strong>3. Destinatarios<\/strong><br \/>\nSolo el Propietario del Sitio es destinatario de sus Datos Personales. Estos, ya sea en forma individual o agregada, nunca se transmiten a un tercero, sin perjuicio de los subcontratistas a los que recurre el Propietario del Sitio (encontrar\u00e1 m\u00e1s informaci\u00f3n sobre ellos en el punto 7 a continuaci\u00f3n). Ni el Propietario del Sitio, ni ninguno de sus subcontratistas, comercializan los datos personales de los visitantes y Usuarios de su Sitio.<\/p>\n<p><strong>4. Duraci\u00f3n de conservaci\u00f3n<\/strong><br \/>\nSus Datos Personales son conservados por el Propietario del Sitio \u00fanicamente durante el tiempo correspondiente a la finalidad de la recopilaci\u00f3n indicada en el punto 2 anterior, que en ning\u00fan caso exceder\u00e1 los 24 meses.<\/p>\n<p><strong>5. Derechos de Inform\u00e1tica y Libertades<\/strong><br \/>\nUsted dispone de los siguientes derechos con respecto a sus Datos Personales, que puede ejercer escribi\u00e9ndonos a la direcci\u00f3n postal mencionada en el Sitio o completando el formulario de contacto del Sitio.<br \/>\nDerecho de acceso y comunicaci\u00f3n de datos<br \/>\nTiene la facultad de acceder a los Datos Personales que le conciernen.<br \/>\nSin embargo, debido a la obligaci\u00f3n de seguridad y confidencialidad en el tratamiento de datos personales que incumbe al Propietario del Sitio, se le informa que su solicitud ser\u00e1 tratada bajo la condici\u00f3n de que aporte prueba de su identidad, en particular mediante la producci\u00f3n de un escaneo de su documento de identidad v\u00e1lido (en caso de solicitud a trav\u00e9s de nuestro formulario) o una fotocopia firmada de su documento de identidad v\u00e1lido (en caso de solicitud por escrito).<\/p>\n<p>El Propietario del Sitio le informa que tendr\u00e1 derecho, en su caso, a oponerse a solicitudes manifiestamente abusivas (por su n\u00famero, car\u00e1cter repetitivo o sistem\u00e1tico).<\/p>\n<p>Para ayudarle en su proceso, especialmente si desea ejercer su derecho de acceso mediante una solicitud escrita a la direcci\u00f3n postal mencionada en el punto 1, encontrar\u00e1 haciendo clic en el siguiente enlace un modelo de carta elaborado por la Comisi\u00f3n Nacional de Inform\u00e1tica y Libertades (la \u00abCNIL\u00bb). [www.cnil.fr\/fr\/modele\/courrier\/exercer-son-droit-dacces](http:\/\/www.cnil.fr\/fr\/modele\/courrier\/exercer-son-droit-dacces)<\/p>\n<p>Derecho de rectificaci\u00f3n de datos<br \/>\nEn virtud de este derecho, la legislaci\u00f3n le autoriza a solicitar la rectificaci\u00f3n, actualizaci\u00f3n, bloqueo o eliminaci\u00f3n de los datos que le conciernen que puedan ser, en su caso, inexactos, err\u00f3neos, incompletos u obsoletos.<br \/>\nAsimismo, puede definir directrices generales y particulares relativas al destino de los datos personales despu\u00e9s de su fallecimiento. En su caso, los herederos de una persona fallecida pueden exigir tener en cuenta el fallecimiento de su ser querido y\/o realizar las actualizaciones necesarias.<\/p>\n<p>Para ayudarle en su proceso, especialmente si desea ejercer, por su cuenta o en nombre de uno de sus seres queridos fallecidos, su derecho de rectificaci\u00f3n mediante una solicitud escrita a la direcci\u00f3n postal mencionada en el punto 1, encontrar\u00e1 haciendo clic en el siguiente enlace un modelo de carta elaborado por la CNIL. [www.cnil.fr\/fr\/modele\/courrier\/rectifier-des-donnees-inexactes-obsoletes-ou-perimees](http:\/\/www.cnil.fr\/fr\/modele\/courrier\/rectifier-des-donnees-inexactes-obsoletes-ou-perimees)<\/p>\n<p>Derecho de oposici\u00f3n<br \/>\nEl ejercicio de este derecho solo es posible en una de las dos situaciones siguientes:<\/p>\n<p>Cuando el ejercicio de este derecho se basa en motivos leg\u00edtimos; o<br \/>\nCuando el ejercicio de este derecho tiene como objetivo impedir que los datos recopilados se utilicen con fines de prospecci\u00f3n comercial.<br \/>\nPara ayudarle en su proceso, especialmente si desea ejercer su derecho de oposici\u00f3n mediante una solicitud escrita dirigida a la direcci\u00f3n postal indicada en el punto 1, encontrar\u00e1 haciendo clic en el siguiente enlace un modelo de carta elaborado por la CNIL. [www.cnil.fr\/fr\/modele\/courrier\/supprimer-des-informaciones-que-le-conciernen-de-un-sitio-web](http:\/\/www.cnil.fr\/fr\/modele\/courrier\/supprimer-des-informaciones-que-le-conciernen-de-un-sitio-web)<\/p>\n<p><strong>6. Plazos de respuesta<\/strong><br \/>\nEl Propietario del Sitio se compromete a responder a su solicitud de acceso, rectificaci\u00f3n u oposici\u00f3n o cualquier otra solicitud complementaria de informaci\u00f3n en un plazo razonable que no exceder\u00e1 de 1 mes a partir de la recepci\u00f3n de su solicitud.<\/p>\n<p><strong>7. Proveedores autorizados y transferencia a un pa\u00eds tercero de la Uni\u00f3n Europea<\/strong><br \/>\nEl Propietario le informa que recurre a sus proveedores autorizados para facilitar la recopilaci\u00f3n y el tratamiento de los datos que nos ha comunicado. Estos proveedores est\u00e1n ubicados dentro de la Uni\u00f3n Europea y tienen acceso a los datos recopilados a trav\u00e9s de los diversos formularios presentes en el Sitio.<br \/>\nEl Propietario del Sitio se ha asegurado previamente de la implementaci\u00f3n por parte de sus proveedores de garant\u00edas adecuadas y del respeto de condiciones estrictas en materia de confidencialidad, uso y protecci\u00f3n de datos.[\/vc_column_text][\/vc_column][\/vc_row]","protected":false},"excerpt":{"rendered":"<p>[vc_row type=\u00bbin_container\u00bb full_screen_row_position=\u00bbmiddle\u00bb column_margin=\u00bbdefault\u00bb column_direction=\u00bbdefault\u00bb column_direction_tablet=\u00bbdefault\u00bb column_direction_phone=\u00bbdefault\u00bb scene_position=\u00bbcenter\u00bb text_color=\u00bbdark\u00bb text_align=\u00bbleft\u00bb row_border_radius=\u00bbnone\u00bb row_border_radius_applies=\u00bbbg\u00bb overflow=\u00bbvisible\u00bb overlay_strength=\u00bb0.3&#8243; gradient_direction=\u00bbleft_to_right\u00bb shape_divider_position=\u00bbbottom\u00bb bg_image_animation=\u00bbnone\u00bb][vc_column column_padding=\u00bbno-extra-padding\u00bb column_padding_tablet=\u00bbinherit\u00bb column_padding_phone=\u00bbinherit\u00bb column_padding_position=\u00bball\u00bb column_element_direction_desktop=\u00bbdefault\u00bb column_element_spacing=\u00bbdefault\u00bb desktop_text_alignment=\u00bbdefault\u00bb tablet_text_alignment=\u00bbdefault\u00bb phone_text_alignment=\u00bbdefault\u00bb background_color_opacity=\u00bb1&#8243; background_hover_color_opacity=\u00bb1&#8243; column_backdrop_filter=\u00bbnone\u00bb column_shadow=\u00bbnone\u00bb&#8230;<\/p>","protected":false},"author":1,"featured_media":0,"parent":0,"menu_order":0,"comment_status":"closed","ping_status":"open","template":"","meta":{"inline_featured_image":false,"footnotes":""},"class_list":["post-940","page","type-page","status-publish"],"yoast_head":"<!-- This site is optimized with the Yoast SEO plugin v25.3 - https:\/\/yoast.com\/wordpress\/plugins\/seo\/ -->\n<title>Pol\u00edtica de privacidad - Voltaneo<\/title>\n<meta name=\"robots\" content=\"index, follow, max-snippet:-1, max-image-preview:large, max-video-preview:-1\" \/>\n<link rel=\"canonical\" href=\"https:\/\/www.voltaneo.com\/es\/politica-de-privacidad\/\" \/>\n<meta property=\"og:locale\" content=\"es_ES\" \/>\n<meta property=\"og:type\" content=\"article\" \/>\n<meta property=\"og:title\" content=\"Pol\u00edtica de privacidad - Voltaneo\" \/>\n<meta property=\"og:description\" content=\"[vc_row type=\u00bbin_container\u00bb full_screen_row_position=\u00bbmiddle\u00bb column_margin=\u00bbdefault\u00bb column_direction=\u00bbdefault\u00bb column_direction_tablet=\u00bbdefault\u00bb column_direction_phone=\u00bbdefault\u00bb scene_position=\u00bbcenter\u00bb text_color=\u00bbdark\u00bb text_align=\u00bbleft\u00bb row_border_radius=\u00bbnone\u00bb row_border_radius_applies=\u00bbbg\u00bb overflow=\u00bbvisible\u00bb overlay_strength=\u00bb0.3&#8243; gradient_direction=\u00bbleft_to_right\u00bb shape_divider_position=\u00bbbottom\u00bb bg_image_animation=\u00bbnone\u00bb][vc_column column_padding=\u00bbno-extra-padding\u00bb column_padding_tablet=\u00bbinherit\u00bb column_padding_phone=\u00bbinherit\u00bb column_padding_position=\u00bball\u00bb column_element_direction_desktop=\u00bbdefault\u00bb column_element_spacing=\u00bbdefault\u00bb desktop_text_alignment=\u00bbdefault\u00bb tablet_text_alignment=\u00bbdefault\u00bb phone_text_alignment=\u00bbdefault\u00bb background_color_opacity=\u00bb1&#8243; background_hover_color_opacity=\u00bb1&#8243; column_backdrop_filter=\u00bbnone\u00bb column_shadow=\u00bbnone\u00bb...\" \/>\n<meta property=\"og:url\" content=\"https:\/\/www.voltaneo.com\/es\/politica-de-privacidad\/\" \/>\n<meta property=\"og:site_name\" content=\"Voltaneo\" \/>\n<meta property=\"article:modified_time\" content=\"2025-06-02T08:58:43+00:00\" \/>\n<meta name=\"twitter:card\" content=\"summary_large_image\" \/>\n<meta name=\"twitter:label1\" content=\"Tiempo de lectura\" \/>\n\t<meta name=\"twitter:data1\" content=\"6 minutos\" \/>\n<script type=\"application\/ld+json\" class=\"yoast-schema-graph\">{\"@context\":\"https:\/\/schema.org\",\"@graph\":[{\"@type\":\"WebPage\",\"@id\":\"https:\/\/www.voltaneo.com\/es\/politica-de-privacidad\/\",\"url\":\"https:\/\/www.voltaneo.com\/es\/politica-de-privacidad\/\",\"name\":\"Pol\u00edtica de privacidad - Voltaneo\",\"isPartOf\":{\"@id\":\"https:\/\/www.voltaneo.com\/es\/#website\"},\"datePublished\":\"2025-05-13T09:40:37+00:00\",\"dateModified\":\"2025-06-02T08:58:43+00:00\",\"breadcrumb\":{\"@id\":\"https:\/\/www.voltaneo.com\/es\/politica-de-privacidad\/#breadcrumb\"},\"inLanguage\":\"es\",\"potentialAction\":[{\"@type\":\"ReadAction\",\"target\":[\"https:\/\/www.voltaneo.com\/es\/politica-de-privacidad\/\"]}]},{\"@type\":\"BreadcrumbList\",\"@id\":\"https:\/\/www.voltaneo.com\/es\/politica-de-privacidad\/#breadcrumb\",\"itemListElement\":[{\"@type\":\"ListItem\",\"position\":1,\"name\":\"Home\",\"item\":\"https:\/\/www.voltaneo.com\/es\/\"},{\"@type\":\"ListItem\",\"position\":2,\"name\":\"Pol\u00edtica de privacidad\"}]},{\"@type\":\"WebSite\",\"@id\":\"https:\/\/www.voltaneo.com\/es\/#website\",\"url\":\"https:\/\/www.voltaneo.com\/es\/\",\"name\":\"Voltaneo\",\"description\":\"Distributeur de solutions en \u00e9nergies renouvelables\",\"potentialAction\":[{\"@type\":\"SearchAction\",\"target\":{\"@type\":\"EntryPoint\",\"urlTemplate\":\"https:\/\/www.voltaneo.com\/es\/?s={search_term_string}\"},\"query-input\":{\"@type\":\"PropertyValueSpecification\",\"valueRequired\":true,\"valueName\":\"search_term_string\"}}],\"inLanguage\":\"es\"}]}<\/script>\n<!-- \/ Yoast SEO plugin. -->","yoast_head_json":{"title":"Pol\u00edtica de privacidad - Voltaneo","robots":{"index":"index","follow":"follow","max-snippet":"max-snippet:-1","max-image-preview":"max-image-preview:large","max-video-preview":"max-video-preview:-1"},"canonical":"https:\/\/www.voltaneo.com\/es\/politica-de-privacidad\/","og_locale":"es_ES","og_type":"article","og_title":"Pol\u00edtica de privacidad - Voltaneo","og_description":"[vc_row type=\u00bbin_container\u00bb full_screen_row_position=\u00bbmiddle\u00bb column_margin=\u00bbdefault\u00bb column_direction=\u00bbdefault\u00bb column_direction_tablet=\u00bbdefault\u00bb column_direction_phone=\u00bbdefault\u00bb scene_position=\u00bbcenter\u00bb text_color=\u00bbdark\u00bb text_align=\u00bbleft\u00bb row_border_radius=\u00bbnone\u00bb row_border_radius_applies=\u00bbbg\u00bb overflow=\u00bbvisible\u00bb overlay_strength=\u00bb0.3&#8243; gradient_direction=\u00bbleft_to_right\u00bb shape_divider_position=\u00bbbottom\u00bb bg_image_animation=\u00bbnone\u00bb][vc_column column_padding=\u00bbno-extra-padding\u00bb column_padding_tablet=\u00bbinherit\u00bb column_padding_phone=\u00bbinherit\u00bb column_padding_position=\u00bball\u00bb column_element_direction_desktop=\u00bbdefault\u00bb column_element_spacing=\u00bbdefault\u00bb desktop_text_alignment=\u00bbdefault\u00bb tablet_text_alignment=\u00bbdefault\u00bb phone_text_alignment=\u00bbdefault\u00bb background_color_opacity=\u00bb1&#8243; background_hover_color_opacity=\u00bb1&#8243; column_backdrop_filter=\u00bbnone\u00bb column_shadow=\u00bbnone\u00bb...","og_url":"https:\/\/www.voltaneo.com\/es\/politica-de-privacidad\/","og_site_name":"Voltaneo","article_modified_time":"2025-06-02T08:58:43+00:00","twitter_card":"summary_large_image","twitter_misc":{"Tiempo de lectura":"6 minutos"},"schema":{"@context":"https:\/\/schema.org","@graph":[{"@type":"WebPage","@id":"https:\/\/www.voltaneo.com\/es\/politica-de-privacidad\/","url":"https:\/\/www.voltaneo.com\/es\/politica-de-privacidad\/","name":"Pol\u00edtica de privacidad - Voltaneo","isPartOf":{"@id":"https:\/\/www.voltaneo.com\/es\/#website"},"datePublished":"2025-05-13T09:40:37+00:00","dateModified":"2025-06-02T08:58:43+00:00","breadcrumb":{"@id":"https:\/\/www.voltaneo.com\/es\/politica-de-privacidad\/#breadcrumb"},"inLanguage":"es","potentialAction":[{"@type":"ReadAction","target":["https:\/\/www.voltaneo.com\/es\/politica-de-privacidad\/"]}]},{"@type":"BreadcrumbList","@id":"https:\/\/www.voltaneo.com\/es\/politica-de-privacidad\/#breadcrumb","itemListElement":[{"@type":"ListItem","position":1,"name":"Home","item":"https:\/\/www.voltaneo.com\/es\/"},{"@type":"ListItem","position":2,"name":"Pol\u00edtica de privacidad"}]},{"@type":"WebSite","@id":"https:\/\/www.voltaneo.com\/es\/#website","url":"https:\/\/www.voltaneo.com\/es\/","name":"Voltaneo","description":"Distributeur de solutions en \u00e9nergies renouvelables","potentialAction":[{"@type":"SearchAction","target":{"@type":"EntryPoint","urlTemplate":"https:\/\/www.voltaneo.com\/es\/?s={search_term_string}"},"query-input":{"@type":"PropertyValueSpecification","valueRequired":true,"valueName":"search_term_string"}}],"inLanguage":"es"}]}},"_links":{"self":[{"href":"https:\/\/www.voltaneo.com\/es\/wp-json\/wp\/v2\/pages\/940","targetHints":{"allow":["GET"]}}],"collection":[{"href":"https:\/\/www.voltaneo.com\/es\/wp-json\/wp\/v2\/pages"}],"about":[{"href":"https:\/\/www.voltaneo.com\/es\/wp-json\/wp\/v2\/types\/page"}],"author":[{"embeddable":true,"href":"https:\/\/www.voltaneo.com\/es\/wp-json\/wp\/v2\/users\/1"}],"replies":[{"embeddable":true,"href":"https:\/\/www.voltaneo.com\/es\/wp-json\/wp\/v2\/comments?post=940"}],"version-history":[{"count":2,"href":"https:\/\/www.voltaneo.com\/es\/wp-json\/wp\/v2\/pages\/940\/revisions"}],"predecessor-version":[{"id":943,"href":"https:\/\/www.voltaneo.com\/es\/wp-json\/wp\/v2\/pages\/940\/revisions\/943"}],"wp:attachment":[{"href":"https:\/\/www.voltaneo.com\/es\/wp-json\/wp\/v2\/media?parent=940"}],"curies":[{"name":"wp","href":"https:\/\/api.w.org\/{rel}","templated":true}]}}