{"id":690,"date":"2025-05-13T11:40:37","date_gmt":"2025-05-13T09:40:37","guid":{"rendered":"https:\/\/voltaneo2025.numeria.dev\/politique-de-confidentialite\/"},"modified":"2025-05-27T11:37:56","modified_gmt":"2025-05-27T09:37:56","slug":"politica-sulla-privacy","status":"publish","type":"page","link":"https:\/\/www.voltaneo.com\/it\/politica-sulla-privacy\/","title":{"rendered":"Politica sulla privacy"},"content":{"rendered":"[vc_row type=&#8221;in_container&#8221; full_screen_row_position=&#8221;middle&#8221; column_margin=&#8221;default&#8221; column_direction=&#8221;default&#8221; column_direction_tablet=&#8221;default&#8221; column_direction_phone=&#8221;default&#8221; scene_position=&#8221;center&#8221; text_color=&#8221;dark&#8221; text_align=&#8221;left&#8221; row_border_radius=&#8221;none&#8221; row_border_radius_applies=&#8221;bg&#8221; overflow=&#8221;visible&#8221; overlay_strength=&#8221;0.3&#8243; gradient_direction=&#8221;left_to_right&#8221; shape_divider_position=&#8221;bottom&#8221; bg_image_animation=&#8221;none&#8221;][vc_column column_padding=&#8221;no-extra-padding&#8221; column_padding_tablet=&#8221;inherit&#8221; column_padding_phone=&#8221;inherit&#8221; column_padding_position=&#8221;all&#8221; column_element_direction_desktop=&#8221;default&#8221; column_element_spacing=&#8221;default&#8221; desktop_text_alignment=&#8221;default&#8221; tablet_text_alignment=&#8221;default&#8221; phone_text_alignment=&#8221;default&#8221; background_color_opacity=&#8221;1&#8243; background_hover_color_opacity=&#8221;1&#8243; column_backdrop_filter=&#8221;none&#8221; column_shadow=&#8221;none&#8221; column_border_radius=&#8221;none&#8221; column_link_target=&#8221;_self&#8221; column_position=&#8221;default&#8221; gradient_direction=&#8221;left_to_right&#8221; overlay_strength=&#8221;0.3&#8243; width=&#8221;1\/1&#8243; tablet_width_inherit=&#8221;default&#8221; animation_type=&#8221;default&#8221; bg_image_animation=&#8221;none&#8221; border_type=&#8221;simple&#8221; column_border_width=&#8221;none&#8221; column_border_style=&#8221;solid&#8221;][vc_column_text css=&#8221;&#8221; text_direction=&#8221;default&#8221;]\n<h1>Politica sulla privacy relativa al sito www.webshop.voltaneo.com<\/h1>\n<p>La presente politica sulla privacy definisce e vi informa su come il Titolare del Sito utilizza e protegge le informazioni che l\u2019Utente trasmette, se del caso, quando utilizza il Sito accessibile all\u2019indirizzo URL: www.webshop.voltaneo.com (di seguito il \u201cSito\u201d).<\/p>\n<p>Si prega di notare che questa politica sulla privacy pu\u00f2 essere modificata o integrata in qualsiasi momento, in particolare per conformarsi a eventuali evoluzioni legislative, regolamentari, giurisprudenziali o tecnologiche. In tal caso, la data di aggiornamento sar\u00e0 chiaramente indicata all\u2019inizio della presente politica. Queste modifiche vincolano l\u2019Utente sin dal momento della loro pubblicazione. \u00c8 pertanto opportuno che l\u2019Utente consulti regolarmente la presente politica sulla privacy e sull\u2019uso dei cookie per prendere conoscenza di eventuali aggiornamenti.<\/p>\n<p>I. Dati personali<br \/>\nIn generale, \u00e8 possibile visitare il Sito senza comunicare alcuna informazione personale. In nessun caso siete obbligati a fornire tali informazioni al Titolare del Sito.<\/p>\n<p>Tuttavia, in caso di rifiuto, potrebbe non essere possibile beneficiare di alcune informazioni o servizi richiesti. In tal senso, il Titolare pu\u00f2 richiedere in certi casi di fornire nome, cognome, indirizzo postale, indirizzo e-mail, numero di telefono, azienda, funzione lavorativa e altre informazioni personali (di seguito le vostre \u201cInformazioni Personali\u201d). Fornendo tali informazioni, accettate espressamente che siano trattate dal Titolare del Sito per le finalit\u00e0 indicate al punto 2 qui di seguito e per le finalit\u00e0 eventualmente riportate alla fine di ciascun modulo.<\/p>\n<p>Conformemente al Regolamento Generale sulla Protezione dei Dati (General Data Protection Regulation) adottato dal Parlamento europeo il 14 aprile 2016, e alla Legge Informatica e Libert\u00e0 francese modificata del 6 gennaio 1978, SOS GRPD vi informa dei seguenti punti:<\/p>\n<p>1. Identit\u00e0 del responsabile del trattamento<br \/>\nIl responsabile del trattamento \u00e8 il Titolare del Sito, i cui dati di contatto sono indicati sul Sito.<\/p>\n<p>2. Finalit\u00e0 del trattamento<br \/>\nIl Titolare del Sito pu\u00f2 trattare le vostre Informazioni Personali:<\/p>\n<p>(a) al fine di fornirvi le informazioni o i servizi da voi richiesti (in particolare: invio di newsletter, offerte commerciali, white paper o valutazione del vostro livello di conformit\u00e0 tramite quiz); e\/o<\/p>\n<p>(b) al fine di raccogliere informazioni che ci permettano di migliorare il Sito, i prodotti e i servizi (in particolare tramite cookie); e\/o<\/p>\n<p>(c) al fine di potervi contattare riguardo a diversi eventi relativi al rapporto commerciale, inclusi aggiornamenti di prodotti e supporto clienti.<\/p>\n<p>3. Destinatari<br \/>\nSolo il Titolare del Sito \u00e8 destinatario delle vostre Informazioni Personali. Queste informazioni, sia in forma individuale che aggregata, non vengono mai comunicate a terzi, ad eccezione dei subappaltatori cui il Titolare del Sito si avvale (maggiori informazioni su di essi al punto 7). N\u00e9 il Titolare, n\u00e9 alcuno dei suoi subappaltatori commercializza i dati personali dei visitatori o utenti del Sito.<\/p>\n<p>4. Durata della conservazione<br \/>\nLe vostre Informazioni Personali sono conservate dal Titolare del Sito esclusivamente per il tempo necessario al conseguimento della finalit\u00e0 indicata al punto 2, e in ogni caso non superiore a 24 mesi.<\/p>\n<p>5. Diritti Informatica e Libert\u00e0<br \/>\nAvete i seguenti diritti in relazione alle vostre Informazioni Personali, che potete esercitare scrivendoci all\u2019indirizzo postale indicato sul Sito o compilando il modulo di contatto:<\/p>\n<p>Diritto di accesso e comunicazione dei dati<br \/>\nPotrete accedere alle Informazioni Personali che vi riguardano.<br \/>\nTuttavia, per motivi di sicurezza e riservatezza nel trattamento dei dati personali, il Titolare pu\u00f2 richiedere la prova della vostra identit\u00e0 (ad esempio tramite scansione di un documento di identit\u00e0 valido nel caso di richiesta tramite modulo, o fotocopia firmata in caso di richiesta scritta).<br \/>\nIl Titolare si riserva inoltre il diritto di opporsi a richieste manifestamente abusive (per numero, ripetitivit\u00e0 o sistematicit\u00e0).<br \/>\nPer facilitarvi, trovate un modello di lettera della CNIL qui:<br \/>\nwww.cnil.fr\/fr\/modele\/courrier\/exercer-son-droit-dacces<\/p>\n<p>Diritto di rettifica<br \/>\nPotete chiedere la rettifica, l\u2019aggiornamento, il blocco o la cancellazione dei dati errati, incompleti, obsoleti o inesatti.<br \/>\nPotete anche definire direttive specifiche riguardo al destino dei dati personali dopo il vostro decesso. Gli eredi possono far valere tali diritti dopo la morte del titolare.<br \/>\nModello di lettera CNIL per facilitare la richiesta:<br \/>\nwww.cnil.frfr\/modele\/courrier\/rectifier-des-donnees-inexactes-obsoletes-ou-perimees<\/p>\n<p>Diritto di opposizione<br \/>\nQuesto diritto pu\u00f2 essere esercitato solo in due casi:<\/p>\n<p>per motivi legittimi; oppure<\/p>\n<p>per impedire l\u2019uso dei dati a fini di marketing commerciale.<br \/>\nModello di lettera CNIL:<br \/>\nwww.cnil.frfr\/modele\/courrier\/supprimer-des-informations-vous-concernant-dun-site-internet<\/p>\n<p>6. Tempi di risposta<br \/>\nIl Titolare del Sito si impegna a rispondere alla vostra richiesta (accesso, rettifica, opposizione o altro) entro un termine ragionevole, che comunque non superi 1 mese dalla ricezione della domanda.<\/p>\n<p>7. Fornitori autorizzati e trasferimento verso Paesi terzi all\u2019interno dell\u2019Unione Europea<br \/>\nIl Titolare utilizza fornitori autorizzati per facilitare la raccolta e il trattamento dei dati forniti tramite i vari moduli presenti sul Sito.<br \/>\nQuesti fornitori sono ubicati all\u2019interno dell\u2019Unione Europea e hanno accesso ai dati raccolti.<br \/>\nIl Titolare si \u00e8 assicurato che tali fornitori offrano adeguate garanzie e rispettino condizioni rigorose in materia di riservatezza, uso e protezione dei dati.[\/vc_column_text][\/vc_column][\/vc_row]","protected":false},"excerpt":{"rendered":"<p>[vc_row type=&#8221;in_container&#8221; full_screen_row_position=&#8221;middle&#8221; column_margin=&#8221;default&#8221; column_direction=&#8221;default&#8221; column_direction_tablet=&#8221;default&#8221; column_direction_phone=&#8221;default&#8221; scene_position=&#8221;center&#8221; text_color=&#8221;dark&#8221; text_align=&#8221;left&#8221; row_border_radius=&#8221;none&#8221; row_border_radius_applies=&#8221;bg&#8221; overflow=&#8221;visible&#8221; overlay_strength=&#8221;0.3&#8243; gradient_direction=&#8221;left_to_right&#8221; shape_divider_position=&#8221;bottom&#8221; bg_image_animation=&#8221;none&#8221;][vc_column column_padding=&#8221;no-extra-padding&#8221; column_padding_tablet=&#8221;inherit&#8221; column_padding_phone=&#8221;inherit&#8221; column_padding_position=&#8221;all&#8221; column_element_direction_desktop=&#8221;default&#8221; column_element_spacing=&#8221;default&#8221; desktop_text_alignment=&#8221;default&#8221; tablet_text_alignment=&#8221;default&#8221; phone_text_alignment=&#8221;default&#8221; background_color_opacity=&#8221;1&#8243; background_hover_color_opacity=&#8221;1&#8243; column_backdrop_filter=&#8221;none&#8221; column_shadow=&#8221;none&#8221;&#8230;<\/p>","protected":false},"author":1,"featured_media":0,"parent":0,"menu_order":0,"comment_status":"closed","ping_status":"open","template":"","meta":{"inline_featured_image":false,"footnotes":""},"class_list":["post-690","page","type-page","status-publish"],"yoast_head":"<!-- This site is optimized with the Yoast SEO plugin v25.3 - https:\/\/yoast.com\/wordpress\/plugins\/seo\/ -->\n<title>Politica sulla privacy - Voltaneo<\/title>\n<meta name=\"robots\" content=\"index, follow, max-snippet:-1, max-image-preview:large, max-video-preview:-1\" \/>\n<link rel=\"canonical\" href=\"https:\/\/www.voltaneo.com\/it\/politica-sulla-privacy\/\" \/>\n<meta property=\"og:locale\" content=\"it_IT\" \/>\n<meta property=\"og:type\" content=\"article\" \/>\n<meta property=\"og:title\" content=\"Politica sulla privacy - Voltaneo\" \/>\n<meta property=\"og:description\" content=\"[vc_row type=&#8221;in_container&#8221; full_screen_row_position=&#8221;middle&#8221; column_margin=&#8221;default&#8221; column_direction=&#8221;default&#8221; column_direction_tablet=&#8221;default&#8221; column_direction_phone=&#8221;default&#8221; scene_position=&#8221;center&#8221; text_color=&#8221;dark&#8221; text_align=&#8221;left&#8221; row_border_radius=&#8221;none&#8221; row_border_radius_applies=&#8221;bg&#8221; overflow=&#8221;visible&#8221; overlay_strength=&#8221;0.3&#8243; gradient_direction=&#8221;left_to_right&#8221; shape_divider_position=&#8221;bottom&#8221; bg_image_animation=&#8221;none&#8221;][vc_column column_padding=&#8221;no-extra-padding&#8221; column_padding_tablet=&#8221;inherit&#8221; column_padding_phone=&#8221;inherit&#8221; column_padding_position=&#8221;all&#8221; column_element_direction_desktop=&#8221;default&#8221; column_element_spacing=&#8221;default&#8221; desktop_text_alignment=&#8221;default&#8221; tablet_text_alignment=&#8221;default&#8221; phone_text_alignment=&#8221;default&#8221; background_color_opacity=&#8221;1&#8243; background_hover_color_opacity=&#8221;1&#8243; column_backdrop_filter=&#8221;none&#8221; column_shadow=&#8221;none&#8221;...\" \/>\n<meta property=\"og:url\" content=\"https:\/\/www.voltaneo.com\/it\/politica-sulla-privacy\/\" \/>\n<meta property=\"og:site_name\" content=\"Voltaneo\" \/>\n<meta property=\"article:modified_time\" content=\"2025-05-27T09:37:56+00:00\" \/>\n<meta name=\"twitter:card\" content=\"summary_large_image\" \/>\n<meta name=\"twitter:label1\" content=\"Tempo di lettura stimato\" \/>\n\t<meta name=\"twitter:data1\" content=\"5 minuti\" \/>\n<script type=\"application\/ld+json\" class=\"yoast-schema-graph\">{\"@context\":\"https:\/\/schema.org\",\"@graph\":[{\"@type\":\"WebPage\",\"@id\":\"https:\/\/www.voltaneo.com\/it\/politica-sulla-privacy\/\",\"url\":\"https:\/\/www.voltaneo.com\/it\/politica-sulla-privacy\/\",\"name\":\"Politica sulla privacy - Voltaneo\",\"isPartOf\":{\"@id\":\"https:\/\/www.voltaneo.com\/it\/#website\"},\"datePublished\":\"2025-05-13T09:40:37+00:00\",\"dateModified\":\"2025-05-27T09:37:56+00:00\",\"breadcrumb\":{\"@id\":\"https:\/\/www.voltaneo.com\/it\/politica-sulla-privacy\/#breadcrumb\"},\"inLanguage\":\"it-IT\",\"potentialAction\":[{\"@type\":\"ReadAction\",\"target\":[\"https:\/\/www.voltaneo.com\/it\/politica-sulla-privacy\/\"]}]},{\"@type\":\"BreadcrumbList\",\"@id\":\"https:\/\/www.voltaneo.com\/it\/politica-sulla-privacy\/#breadcrumb\",\"itemListElement\":[{\"@type\":\"ListItem\",\"position\":1,\"name\":\"Home\",\"item\":\"https:\/\/www.voltaneo.com\/it\/\"},{\"@type\":\"ListItem\",\"position\":2,\"name\":\"Politica sulla privacy\"}]},{\"@type\":\"WebSite\",\"@id\":\"https:\/\/www.voltaneo.com\/it\/#website\",\"url\":\"https:\/\/www.voltaneo.com\/it\/\",\"name\":\"Voltaneo\",\"description\":\"Distributeur de solutions en \u00e9nergies renouvelables\",\"potentialAction\":[{\"@type\":\"SearchAction\",\"target\":{\"@type\":\"EntryPoint\",\"urlTemplate\":\"https:\/\/www.voltaneo.com\/it\/?s={search_term_string}\"},\"query-input\":{\"@type\":\"PropertyValueSpecification\",\"valueRequired\":true,\"valueName\":\"search_term_string\"}}],\"inLanguage\":\"it-IT\"}]}<\/script>\n<!-- \/ Yoast SEO plugin. -->","yoast_head_json":{"title":"Politica sulla privacy - Voltaneo","robots":{"index":"index","follow":"follow","max-snippet":"max-snippet:-1","max-image-preview":"max-image-preview:large","max-video-preview":"max-video-preview:-1"},"canonical":"https:\/\/www.voltaneo.com\/it\/politica-sulla-privacy\/","og_locale":"it_IT","og_type":"article","og_title":"Politica sulla privacy - Voltaneo","og_description":"[vc_row type=&#8221;in_container&#8221; full_screen_row_position=&#8221;middle&#8221; column_margin=&#8221;default&#8221; column_direction=&#8221;default&#8221; column_direction_tablet=&#8221;default&#8221; column_direction_phone=&#8221;default&#8221; scene_position=&#8221;center&#8221; text_color=&#8221;dark&#8221; text_align=&#8221;left&#8221; row_border_radius=&#8221;none&#8221; row_border_radius_applies=&#8221;bg&#8221; overflow=&#8221;visible&#8221; overlay_strength=&#8221;0.3&#8243; gradient_direction=&#8221;left_to_right&#8221; shape_divider_position=&#8221;bottom&#8221; bg_image_animation=&#8221;none&#8221;][vc_column column_padding=&#8221;no-extra-padding&#8221; column_padding_tablet=&#8221;inherit&#8221; column_padding_phone=&#8221;inherit&#8221; column_padding_position=&#8221;all&#8221; column_element_direction_desktop=&#8221;default&#8221; column_element_spacing=&#8221;default&#8221; desktop_text_alignment=&#8221;default&#8221; tablet_text_alignment=&#8221;default&#8221; phone_text_alignment=&#8221;default&#8221; background_color_opacity=&#8221;1&#8243; background_hover_color_opacity=&#8221;1&#8243; column_backdrop_filter=&#8221;none&#8221; column_shadow=&#8221;none&#8221;...","og_url":"https:\/\/www.voltaneo.com\/it\/politica-sulla-privacy\/","og_site_name":"Voltaneo","article_modified_time":"2025-05-27T09:37:56+00:00","twitter_card":"summary_large_image","twitter_misc":{"Tempo di lettura stimato":"5 minuti"},"schema":{"@context":"https:\/\/schema.org","@graph":[{"@type":"WebPage","@id":"https:\/\/www.voltaneo.com\/it\/politica-sulla-privacy\/","url":"https:\/\/www.voltaneo.com\/it\/politica-sulla-privacy\/","name":"Politica sulla privacy - Voltaneo","isPartOf":{"@id":"https:\/\/www.voltaneo.com\/it\/#website"},"datePublished":"2025-05-13T09:40:37+00:00","dateModified":"2025-05-27T09:37:56+00:00","breadcrumb":{"@id":"https:\/\/www.voltaneo.com\/it\/politica-sulla-privacy\/#breadcrumb"},"inLanguage":"it-IT","potentialAction":[{"@type":"ReadAction","target":["https:\/\/www.voltaneo.com\/it\/politica-sulla-privacy\/"]}]},{"@type":"BreadcrumbList","@id":"https:\/\/www.voltaneo.com\/it\/politica-sulla-privacy\/#breadcrumb","itemListElement":[{"@type":"ListItem","position":1,"name":"Home","item":"https:\/\/www.voltaneo.com\/it\/"},{"@type":"ListItem","position":2,"name":"Politica sulla privacy"}]},{"@type":"WebSite","@id":"https:\/\/www.voltaneo.com\/it\/#website","url":"https:\/\/www.voltaneo.com\/it\/","name":"Voltaneo","description":"Distributeur de solutions en \u00e9nergies renouvelables","potentialAction":[{"@type":"SearchAction","target":{"@type":"EntryPoint","urlTemplate":"https:\/\/www.voltaneo.com\/it\/?s={search_term_string}"},"query-input":{"@type":"PropertyValueSpecification","valueRequired":true,"valueName":"search_term_string"}}],"inLanguage":"it-IT"}]}},"_links":{"self":[{"href":"https:\/\/www.voltaneo.com\/it\/wp-json\/wp\/v2\/pages\/690","targetHints":{"allow":["GET"]}}],"collection":[{"href":"https:\/\/www.voltaneo.com\/it\/wp-json\/wp\/v2\/pages"}],"about":[{"href":"https:\/\/www.voltaneo.com\/it\/wp-json\/wp\/v2\/types\/page"}],"author":[{"embeddable":true,"href":"https:\/\/www.voltaneo.com\/it\/wp-json\/wp\/v2\/users\/1"}],"replies":[{"embeddable":true,"href":"https:\/\/www.voltaneo.com\/it\/wp-json\/wp\/v2\/comments?post=690"}],"version-history":[{"count":1,"href":"https:\/\/www.voltaneo.com\/it\/wp-json\/wp\/v2\/pages\/690\/revisions"}],"predecessor-version":[{"id":714,"href":"https:\/\/www.voltaneo.com\/it\/wp-json\/wp\/v2\/pages\/690\/revisions\/714"}],"wp:attachment":[{"href":"https:\/\/www.voltaneo.com\/it\/wp-json\/wp\/v2\/media?parent=690"}],"curies":[{"name":"wp","href":"https:\/\/api.w.org\/{rel}","templated":true}]}}